{"id":95,"date":"2023-04-03T19:30:48","date_gmt":"2023-04-03T17:30:48","guid":{"rendered":"https:\/\/consolatozurigo.esteri.it\/?page_id=95"},"modified":"2025-08-26T15:37:36","modified_gmt":"2025-08-26T12:37:36","slug":"visti","status":"publish","type":"page","link":"https:\/\/consgerusalemme.esteri.it\/it\/servizi-consolari-e-visti\/servizi-per-il-cittadino-straniero\/visti\/","title":{"rendered":"Visti"},"content":{"rendered":"<p>L\u2019Ufficio Visti del Consolato Generale d\u2019Italia a Gerusalemme tratta le richieste di visto per l\u2019ingresso in Italia\/Spazio Schengen.<\/p>\n<p>E\u2019 possibile visitare il sito del Ministero degli Affari Esteri e della Cooperazione Internazionale per le informazioni relative all\u2019<a href=\"https:\/\/www.esteri.it\/it\/servizi-consolari-e-visti\/ingressosoggiornoinitalia\/condizioni_ingresso\/\">ingresso e al soggiorno in Italia<\/a>\u00a0e ai\u00a0<a href=\"https:\/\/www.esteri.it\/it\/servizi-consolari-e-visti\/ingressosoggiornoinitalia\/visto_ingresso\/\">visti d\u2019ingresso<\/a><a href=\"https:\/\/www.esteri.it\/mae\/it\/servizi\/stranieri\/ingressosoggiornoinitalia\/visto_ingresso\" target=\"_blank\" rel=\"noopener\">.<\/a>\u00a0Maggiori informazioni sui visti per l\u2019Italia sono disponibili sul sito web \u201c<a href=\"http:\/\/vistoperitalia.esteri.it\/home.aspx\" target=\"_blank\" rel=\"noopener\">Il visto per l\u2019Italia<\/a>\u201d<\/p>\n<p>&nbsp;<\/p>\n<p><strong>Chi pu\u00f2 fare domanda per il visto per l\u2019Italia?<\/strong><\/p>\n<p>I richiedenti legalmente residenti nella circoscrizione di competenza del Consolato Generale a Gerusalemme.<\/p>\n<p>Si prega di consultare le seguenti liste:<\/p>\n<ul>\n<li><a href=\"https:\/\/www.esteri.it\/it\/servizi-consolari-e-visti\/ingressosoggiornoinitalia\/visto_ingresso\/paesi_soggetti_visto\/\">Paesi i cui Cittadini hanno bisogno del visto per attraversare la frontiera<\/a><\/li>\n<li><a href=\"https:\/\/www.esteri.it\/it\/servizi-consolari-e-visti\/ingressosoggiornoinitalia\/visto_ingresso\/paesi_esenti_visto\/\">Paesi i cui cittadini sono esenti da visto per brevi soggiorni<\/a><\/li>\n<li><a href=\"https:\/\/www.esteri.it\/it\/servizi-consolari-e-visti\/ingressosoggiornoinitalia\/visto_ingresso\/paesi_soggetti_visto_transito_aeroportuale\/\">Paesi i cui cittadini sono soggetti a visto di transito aeroportuale<\/a><\/li>\n<\/ul>\n<p><strong>VISTI SCHENGEN (fino a 90 giorni)<\/strong><\/p>\n<p><strong>Dove fare domanda?<\/strong><\/p>\n<p>Le domande di visto possono essere presentate presso l\u2019Ufficio Visti del Consolato Generale d\u2019Italia a Gerusalemme (Katamon-16, Kaf Tet Benovember St., Jerusalem \u2013 9104402). <strong>Si potr\u00e0 fissare un appuntamento tramite il portale<a href=\"https:\/\/prenotami.esteri.it\"> Prenot@mi<\/a>.\u00a0<\/strong><\/p>\n<p>Si consiglia di presentare le domande con almeno un mese di anticipo rispetto alla data di partenza.<\/p>\n<p>Prima dell\u2019appuntamento, i richiedenti dovranno compilare\u00a0<a href=\"https:\/\/e-applicationvisa.esteri.it\/\">il modulo online<\/a>, da stampare con il codice a barre e portare in Consolato il giorno dell\u2019appuntamento.<\/p>\n<p>Coloro che non possono recarsi presso l\u2019Ufficio Visti del Consolato Generale potranno presentare le domande presso il Centro Visti \u201cVFS Global\u201d a Ramallah.<\/p>\n<p>Per maggiori informazioni, si prega di visitare il sito web di\u00a0<a href=\"https:\/\/visa.vfsglobal.com\/pse\/en\/ita\/attend-centre\/ramallah\">VFS Ramallah.<\/a><\/p>\n<p>Il servizio VFS a Gaza \u00e8 sospeso fino a nuovo avviso.<\/p>\n<p><strong>Le domande presso il Centro Visti \u201cVFS Global\u201d a Ramallah per il Consolato Generale d\u2019Italia a Gerusalemme possono essere presentate esclusivamente su appuntamento.<\/strong><\/p>\n<p><strong>Per fissare un appuntamento,\u00a0<a href=\"https:\/\/visa.vfsglobal.com\/pse\/en\/ita\/book-an-appointment\">clicca qui<\/a>.<\/strong><\/p>\n<p>Gli appuntamenti sono fissati gratuitamente. Chiunque offra appuntamenti a pagamento deve essere denunciato al Consolato Generale.<\/p>\n<p><strong>Cosa \u00e8 necessario per fare domanda?<\/strong><\/p>\n<p>Si prega di assicurarsi di aver predisposto tutta la documentazione necessaria per il tipo di visto per cui si intende presentare la domanda, consultando le seguenti liste:<\/p>\n<ul>\n<li><a href=\"https:\/\/consgerusalemme.esteri.it\/wp-content\/uploads\/2024\/02\/checklist_tourism.pdf\">Turismo<\/a><\/li>\n<li class=\"_mce_tagged_br\"><a href=\"https:\/\/consgerusalemme.esteri.it\/wp-content\/uploads\/2024\/02\/checklist_cultural_and_scientific_events_c.pdf\">Invito ad eventi culturali<\/a><\/li>\n<li class=\"_mce_tagged_br\"><a href=\"https:\/\/consgerusalemme.esteri.it\/wp-content\/uploads\/2024\/02\/checklist_business.pdf\">Affari<\/a><\/li>\n<li class=\"_mce_tagged_br\"><a href=\"https:\/\/consgerusalemme.esteri.it\/wp-content\/uploads\/2024\/02\/checklist_medical_care_c.pdf\">Cure mediche<\/a><\/li>\n<li class=\"_mce_tagged_br\"><a href=\"https:\/\/consgerusalemme.esteri.it\/wp-content\/uploads\/2024\/02\/religious_purposes.pdf\">Motivi religiosi<\/a><\/li>\n<\/ul>\n<p>&nbsp;<\/p>\n<p>L\u2019Ufficio Visti si riserva la facolt\u00e0 di chiedere ulteriori documenti ritenuti necessari per l\u2019istruttoria sulla domanda presentata.\u00a0Il Consolato Generale denuncer\u00e0 all\u2019Autorit\u00e0 Giudiziaria italiana ogni caso di presentazione di documentazione falsa a sostegno delle domande di visto (art. 331 e 332 c.p.p.).<\/p>\n<p>Modelli:<\/p>\n<ul>\n<li><a href=\"https:\/\/e-applicationvisa.esteri.it\/\">Formulario Visto Schengen<\/a><\/li>\n<li><a href=\"https:\/\/consgerusalemme.esteri.it\/wp-content\/uploads\/2024\/02\/formulario_visto_nazionale_eng-ita.pdf\">Formulario Visto Nazionale<\/a><\/li>\n<li><a href=\"https:\/\/consgerusalemme.esteri.it\/wp-content\/uploads\/2024\/02\/dichiarazione_di_ospitalita.pdf\">Dichiarazione di Garanzia e\/o Alloggio<\/a><\/li>\n<li><a href=\"https:\/\/consgerusalemme.esteri.it\/wp-content\/uploads\/2024\/02\/lettera_di_invito_per_affari.pdf\" target=\"_blank\" rel=\"noopener\">Lettera di invito per affari<\/a><\/li>\n<li><a href=\"https:\/\/consgerusalemme.esteri.it\/wp-content\/uploads\/2024\/07\/invitation-letter-form-cultural-events.pdf\">Lettera di invito per manifestazioni scientifiche e culturali<\/a><\/li>\n<\/ul>\n<p>&nbsp;<\/p>\n<p><strong>ATTENZIONE<\/strong>: Si prega di presentare anche la fotocopia di ogni documento allegato alla domanda di visto (passaporto, carta di identit\u00e0 con i dati di residenza e precedenti visti Schengen inclusi).<\/p>\n<p><strong>Tariffa consolare per i visti d\u2019ingresso<\/strong><\/p>\n<p>La tariffa dei visti varia ogni tre mesi.<\/p>\n<p>Per conoscere il corrispettivo aggiornato dei diritti dei visti, visitare la sezione \u201c<a href=\"https:\/\/consgerusalemme.esteri.it\/it\/servizi-consolari-e-visti\/servizi-per-il-cittadino-italiano\/tariffe-consolari\/\">Tariffe Consolari<\/a>\u201d<\/p>\n<p><strong>ATTENZIONE: Il pagamento dei diritti pu\u00f2 avvenire esclusivamente in Shekel e in contanti al momento della presentazione della domanda.<\/strong><\/p>\n<p><strong><br \/>\nCasi di gratuit\u00e0 per i visti Schengen:<\/strong><\/p>\n<ul>\n<li>visti per studio fino a 90 giorni;<\/li>\n<li>minori di et\u00e0 inferiore ai 6 anni;<\/li>\n<li>alunni, studenti, studenti gi\u00e0 laureati e insegnanti accompagnatori che intraprendono soggiorni per motivi di studio o formazione pedagogica;<\/li>\n<li>ricercatori di paesi terzi che si spostano a fini di ricerca scientifica ai sensi della raccomandazione 2005\/761\/CE del Parlamento europeo e del Consiglio, del 28 settembre 2005, diretta a facilitare il rilascio, da parte degli Stati membri, di visti uniformi di soggiorno di breve durata per i ricercatori di paesi terzi che si spostano nell&#8217;Unione a fini di ricerca scientifica;<\/li>\n<li>rappresentanti di organizzazioni senza fini di lucro di et\u00e0 non superiore ai venticinque anni che partecipano a seminari, conferenze, manifestazioni sportive, culturali o educative organizzati da organizzazioni senza fini di lucro;<\/li>\n<li>i seguenti familiari di cittadini UE, quando accompagnano o raggiungono il cittadino UE, cos\u00ec come identificati dalla Direttiva 2004\/38<\/li>\n<\/ul>\n<p>a) il coniuge;<br \/>\nb) il partner che abbia contratto con il cittadino dell\u2019Unione, un\u2019unione registrata sulla base della legislazione di uno Stato membro, qualora la legislazione dello Stato membro ospitante equipari l\u2019unione registrata al matrimonio e nel rispetto delle condizioni previste dalla pertinente legislazione dello Stato membro ospitante;<br \/>\nc) i discendenti diretti di et\u00e0 inferiore a 21 anni o a carico e quelli del coniuge o partner di cui alla lettera b);<br \/>\nd) gli ascendenti diretti a carico e quelli del coniuge o partner di cui alla lettera b).<\/p>\n<p>Si informano gli utenti che non \u00e8 previsto il pagamento di diritti di urgenza.<\/p>\n<p>Si invitano gli utenti a diffidare da chi, millantando contatti interni all\u2019Ufficio Visti, prometta facilitazioni al rilascio dei visti in cambio di somme di danaro o altre utilit\u00e0.<\/p>\n<p><strong>Visa Information System-VIS<\/strong><\/p>\n<p>Il Sistema d\u2019Informazione Visti (Visa Information System-VIS) \u00e8 un sistema di scambio di dati relativi ai visti d\u2019ingresso nello Spazio Schengen tra gli Stati che ne fanno parte. L\u2019istituzione del VIS costituisce una delle iniziative principali nell\u2019ambito delle politiche dell\u2019Unione Europea volte a creare uno spazio di libert\u00e0, sicurezza e giustizia senza frontiere interne.<\/p>\n<p>Per maggiori informazioni, visita il\u00a0<a href=\"https:\/\/www.esteri.it\/it\/servizi-consolari-e-visti\/ingressosoggiornoinitalia\/vis\/\">sito web<\/a>\u00a0del Ministero degli Affari Esteri e della Cooperazione Internazionale.<\/p>\n<p><strong>Domanda di visto nazionale (Visto D, oltre 90 giorni)<\/strong><\/p>\n<p>A seguito dell\u2019entrata in vigore del Decreto Legge 145\/2024, a decorrere dall\u201911 gennaio 2025, \u00e8 obbligatorio procedere con l\u2019acquisizione delle impronte digitali dei richiedenti sia per i visti Schengen (tipo C), che per i visti d\u2019ingresso nazionali (tipo D). Diventa dunque necessario prendere appuntamento e recarsi in Consolato Generale per la presentazione della domanda e l\u2019acquisizione delle impronte.<\/p>\n<p>L\u2019esenzione dall\u2019obbligo di raccolta delle impronte digitali \u00e8 prevista per un numero limitato di richiedenti visto: bambini di et\u00e0 inferiore ai 12 anni e persone per le quali la raccolta delle impronte digitali \u00e8 fisicamente impossibile.<\/p>\n<p><strong>Dove fare domanda?<\/strong><\/p>\n<p>Le domande di visto possono essere presentate presso l\u2019Ufficio Visti del Consolato Generale d\u2019Italia a Gerusalemme (Katamon-16, Kaf Tet Benovember St., Jerusalem). <strong>Si potr\u00e0 fissare un appuntamento tramite il portale <a href=\"https:\/\/prenotami.esteri.it\">Prenot@mi<\/a>.\u00a0<\/strong><\/p>\n<p>Coloro che non possono recarsi presso l\u2019Ufficio Visti del Consolato Generale potranno presentare le domande presso il Centro Visti \u201cVFS Global\u201d a Ramallah. Per maggiori informazioni, si prega di visitare il sito web di <a href=\"https:\/\/visa.vfsglobal.com\/pse\/en\/ita\/apply-visa\">VFS Ramallah<\/a><br \/>\nIl servizio VFS a Gaza \u00e8 sospeso fino a nuovo avviso.<br \/>\nLe domande presso il Centro Visti \u201cVFS Global\u201d a Ramallah per il Consolato Generale d\u2019Italia a Gerusalemme possono essere presentate esclusivamente su appuntamento.<br \/>\nPer fissare un appuntamento, clicca <a href=\"https:\/\/visa.vfsglobal.com\/pse\/en\/ita\/book-an-appointment\">qui<\/a>.<\/p>\n<p>Si consiglia di presentare le domande con almeno un mese di anticipo rispetto alla data di partenza.<\/p>\n<p>Gli appuntamenti sono fissati gratuitamente. Chiunque offra appuntamenti a pagamento deve essere denunciato al Consolato Generale.<\/p>\n<p>Per l\u2019importo aggiornato in Shekel del visto nazionale, cliccare\u00a0<a href=\"https:\/\/consgerusalemme.esteri.it\/it\/servizi-consolari-e-visti\/servizi-per-il-cittadino-italiano\/tariffe-consolari\/\"><b><u>qui<\/u><\/b><\/a><\/p>\n<p><a href=\"https:\/\/consgerusalemme.esteri.it\/wp-content\/uploads\/2024\/02\/formulario_visto_nazionale_eng-ita.pdf\">Modulo di domanda visto nazionale<\/a><\/p>\n<p><strong>DOCUMENTAZIONE RICHIESTA PER LE PRINCIPALI TIPOLOGIE DI VISTI NAZIONALI<\/strong><\/p>\n<p>Si prega di assicurarsi di aver predisposto tutta la documentazione necessaria per il tipo di visto per cui si intende presentare la domanda, consultando le seguenti liste:<\/p>\n<p><a href=\"https:\/\/consgerusalemme.esteri.it\/wp-content\/uploads\/2024\/02\/Study-D.pdf\">Visto per studio<\/a><\/p>\n<p><a href=\"https:\/\/consgerusalemme.esteri.it\/wp-content\/uploads\/2024\/02\/family-reasons.pdf\">Motivi familiari<\/a><\/p>\n<p><a href=\"https:\/\/consgerusalemme.esteri.it\/wp-content\/uploads\/2024\/02\/EMPLOYMENT-REQUIREMENTS.pdf\">Visto per lavoro<\/a><\/p>\n<p><a href=\"https:\/\/consgerusalemme.esteri.it\/wp-content\/uploads\/2024\/02\/religious-purposes-d.pdf\">Motivi religiosi<\/a><\/p>\n<p>&nbsp;<\/p>\n<p class=\"x_null\"><span class=\"x_null1\"><b><u>Importante:<\/u><\/b><\/span><span class=\"x_null1\"><b>\u00a0<\/b><\/span><\/p>\n<p class=\"x_null\"><span class=\"x_null1\"><i>Si ricorda all\u2019utenza che la domanda di visto pu\u00f2 essere presentata esclusivamente o presso la Sede del Consolato Generale d\u2019Italia a Gerusalemme o presso l\u2019agenzia VFS di Ramallah. Si rammenta l\u2019inesistenza di altri canali, rispetto a quelli sopra menzionati, per presentare domanda di visto per l\u2019Italia. Si invita l\u2019utenza a diffidare da chi propone canali di intermediazione per presentare domanda di visto e\/o da chi, millantando di avere contatti interni all\u2019Ufficio Visti, prometta facilitazioni al rilascio del visto in cambio di somme di denaro o altre utilit\u00e0.\u00a0 \u00a0<\/i><\/span><\/p>\n<p>&nbsp;<\/p>\n<p><strong>Diritti e doveri degli stranieri<\/strong><\/p>\n<p>Per informazioni ai cittadini stranieri che intendono recarsi in Italia,\u00a0<a href=\"http:\/\/vistoperitalia.esteri.it\/obblighidoveri\/it\">clicca qui.<\/a><\/p>\n<p>&nbsp;<\/p>\n<ul>\n<li><strong><a href=\"https:\/\/consgerusalemme.esteri.it\/CONSOLATO_GERUSALEMME\/it\/consolato\/news\/dal_consolato\/2021\/03\/digitalizzazione-delle-procedure.html\">Digitalizzazione delle procedure di visto. Campagna europea di consultazione pubblica<\/a><\/strong><\/li>\n<\/ul>\n","protected":false},"excerpt":{"rendered":"L\u2019Ufficio Visti del Consolato Generale d\u2019Italia a Gerusalemme tratta le richieste di visto per l\u2019ingresso in Italia\/Spazio Schengen. E\u2019 possibile visitare il sito del Ministero degli Affari Esteri e della Cooperazione Internazionale per le informazioni relative all\u2019ingresso e al soggiorno in Italia\u00a0e ai\u00a0visti d\u2019ingresso.\u00a0Maggiori informazioni sui visti per l\u2019Italia sono disponibili sul sito web \u201cIl [&hellip;]","protected":false},"author":1,"featured_media":0,"parent":62,"menu_order":0,"comment_status":"closed","ping_status":"closed","template":"","meta":{"footnotes":""},"class_list":["post-95","page","type-page","status-publish","hentry"],"_links":{"self":[{"href":"https:\/\/consgerusalemme.esteri.it\/it\/wp-json\/wp\/v2\/pages\/95","targetHints":{"allow":["GET"]}}],"collection":[{"href":"https:\/\/consgerusalemme.esteri.it\/it\/wp-json\/wp\/v2\/pages"}],"about":[{"href":"https:\/\/consgerusalemme.esteri.it\/it\/wp-json\/wp\/v2\/types\/page"}],"author":[{"embeddable":true,"href":"https:\/\/consgerusalemme.esteri.it\/it\/wp-json\/wp\/v2\/users\/1"}],"replies":[{"embeddable":true,"href":"https:\/\/consgerusalemme.esteri.it\/it\/wp-json\/wp\/v2\/comments?post=95"}],"version-history":[{"count":6,"href":"https:\/\/consgerusalemme.esteri.it\/it\/wp-json\/wp\/v2\/pages\/95\/revisions"}],"predecessor-version":[{"id":4075,"href":"https:\/\/consgerusalemme.esteri.it\/it\/wp-json\/wp\/v2\/pages\/95\/revisions\/4075"}],"up":[{"embeddable":true,"href":"https:\/\/consgerusalemme.esteri.it\/it\/wp-json\/wp\/v2\/pages\/62"}],"wp:attachment":[{"href":"https:\/\/consgerusalemme.esteri.it\/it\/wp-json\/wp\/v2\/media?parent=95"}],"curies":[{"name":"wp","href":"https:\/\/api.w.org\/{rel}","templated":true}]}}