{"id":91,"date":"2023-04-03T19:29:59","date_gmt":"2023-04-03T17:29:59","guid":{"rendered":"https:\/\/consolatozurigo.esteri.it\/?page_id=91"},"modified":"2025-04-22T14:50:12","modified_gmt":"2025-04-22T11:50:12","slug":"autoveicoli-e-patenti-di-guida","status":"publish","type":"page","link":"https:\/\/consgerusalemme.esteri.it\/it\/servizi-consolari-e-visti\/servizi-per-il-cittadino-italiano\/autoveicoli-e-patenti-di-guida\/","title":{"rendered":"Autoveicoli e Patenti di guida"},"content":{"rendered":"<h2><strong>INFORMAZIONI GENERALI<\/strong><\/h2>\n<p><a href=\"http:\/\/www.aci.it\">http:\/\/www.aci.it<\/a><\/p>\n<p>&nbsp;<\/p>\n<p><strong>A)<\/strong><strong> INFORMAZIONI GENERALI SU RINNOVO PATENTI DI GUIDA<\/strong><\/p>\n<p><strong>1) QUESTO CONSOLATO GENERALE <\/strong><strong>NON PU\u00d2 EMETTERE DUPLICATI DELLA PATENTE<\/strong><\/p>\n<p>Il duplicato della patente pu\u00f2 essere emesso solo dagli uffici della MOTORIZZAZIONE CIVILE in Italia. In caso di smarrimento o furto della patente, si consiglia quindi di contattare prima la motorizzazione per vedere quali documenti siano necessari per ottenere un duplicato della stessa.<br \/>\nSe a tale proposito dovesse servire autenticare la firma su una delega, o autenticare delle foto, \u00e8 sufficiente presentarsi in Consolato durante l\u2019orario d\u2019ufficio senza appuntamento per procedere alle autentiche.<\/p>\n<p><strong>NON PU\u00d2 EMETTERE CERTIFICAZIONI DI ALCUN TIPO<\/strong><\/p>\n<p>Solo la MOTORIZZAZIONE CIVILE pu\u00f2 emettere certificazioni e\/o dichiarazioni che riguardano il record di guida, la possibilit\u00e0 o meno di guidare i motoveicoli con la patente B, la scadenza, o l\u2019avvenuto rinnovo della patente.<\/p>\n<p>Non possono ottenere il rinnovo della patente all\u2019estero i diabetici, i mutilati e minorati fisici; gli ultra 65enni con titolo alla guida di autocarri di massa complessiva, a pieno carico, superiore a 3,5 t; autotreni ed autoarticolati, adibiti al trasporto di cose, la cui massa complessiva, a pieno carico, non sia superiore a 20 t; macchine operatrici: per tali categorie \u00e8 obbligatoria una visita medica collegiale presso le ASL in Italia.<\/p>\n<p><strong>Questo Consolato Generale d\u2019Italia non rilascia patenti internazionali.<\/strong><\/p>\n<p>Se si \u00e8 residenti in Italia (non iscritti all\u2019AIRE) rivolgersi alla competente Motorizzazione Civile<\/p>\n<p><strong>2) QUESTO CONSOLATO GENERALE pu\u00f2<\/strong><\/p>\n<p>Il Consolato Generale <strong>PU\u00d2<\/strong> rinnovare le patenti di guida esclusivamente per i cittadini residenti in questa circoscrizione consolare iscritti all\u2019A.I.R.E. oppure che siano presenti nella circoscrizione consolare di questo Consolato da almeno sei mesi (la prova \u00e8 il timbro\/visto di entrata nel Paese).<\/p>\n<p>La patente non deve essere scaduta da pi\u00f9 di 5 anni oppure deve essere prossima alla scadenza (entro 4 mesi).<\/p>\n<p><strong>3) Per ottenere il rinnovo \u00e8 necessario:<\/strong><\/p>\n<ul>\n<li>Sottoporsi a visita medica presso uno dei medici di fiducia del Consolato Generale (<a href=\"https:\/\/consgerusalemme.esteri.it\/wp-content\/uploads\/2025\/04\/LISTA-DEI-MEDICI.pdf\"><strong>elenco<\/strong><\/a>);<\/li>\n<li>Presentare l\u2019apposito certificato medico (che \u00e8 disponibile presso il medico di fiducia o pu\u00f2 essere scaricato nella sezione <a href=\"https:\/\/consgerusalemme.esteri.it\/wp-content\/uploads\/2025\/01\/certificato-medico-rinnovo-patente-guida.pdf\"><strong>qui<\/strong><\/a>), entro 3 mesi dalla data della visita al Consolato Generale,\u00a0 per la legalizzazione dello stesso;<\/li>\n<li>Presentare la domanda di rinnovo scaricabile <a href=\"https:\/\/consgerusalemme.esteri.it\/wp-content\/uploads\/2025\/04\/rinnovo-patente-guida-modulo-richiesta.pdf\"><strong>qui<\/strong><\/a>;<\/li>\n<li>Presentare la patente da rinnovare;<\/li>\n<li>Presentarsi di persona a questo Consolato Generale previo appuntamento;<\/li>\n<li>Effettuare il pagamento per la conferma della patente di guida.<\/li>\n<\/ul>\n<p>Per conoscere gli importi esatti da pagare, da corrispondersi in NIS in contanti si suggerisce di consultare la <a href=\"https:\/\/consgerusalemme.esteri.it\/it\/servizi-consolari-e-visti\/servizi-per-il-cittadino-italiano\/tariffe-consolari\/\"><strong>tabella dei diritti consolari<\/strong><\/a>, che viene aggiornata ogni tre mesi.<\/p>\n<p>I cittadini italiani dimoranti temporaneamente all&#8217;estero da almeno sei mesi dovranno comprovare tale condizione tramite <strong><a href=\"https:\/\/consgerusalemme.esteri.it\/wp-content\/uploads\/2023\/10\/atto_notorio_per_pa.pdf\">un&#8217;autocertificazione <\/a><\/strong>i cui contenuti potranno, se necessario, essere verificati dal Consolato Generale.<\/p>\n<p>Il costo del rinnovo deve essere versato in contanti in valuta locale.<\/p>\n<p>La patente di guida pu\u00f2 essere rinnovata per:<\/p>\n<ul>\n<li>10 anni &#8211; per persone di et\u00e0 inferiore ai 50 anni<\/li>\n<li>5 anni &#8211; per persone di et\u00e0 compresa tra i 50 e i 70 anni<\/li>\n<li>3 anni &#8211; per persone di et\u00e0 superiore ai 70 anni<\/li>\n<\/ul>\n<p>L&#8217;Art. 7 del Decreto Legge n.5 del 9 Febbraio 2012 prevede espressamente che la patente di guida, assieme ad altri documenti di identit\u00e0 e di riconoscimento di cui all&#8217;art. 1, comma 1, lettera c), d) ed e) del decreto del Presidente della Repubblica 28.12.2000, n 445, \u00e8 rilasciata o rinnovata: &#8220;Con validit\u00e0 fino al giorno e mese di nascita del titolare, immediatamente successivi alla scadenza che sarebbe altrimenti prevista per il documento medesimo\u201d.<\/p>\n<p>Si precisa che l\u2019attestazione di rinnovo rilasciata da questo Consolato Generale sostituisce temporaneamente il tagliando di convalida della patente per il periodo di permanenza all\u2019estero.<\/p>\n<p>Una volta riacquisita la residenza o la dimora in Italia, la patente di guida dovr\u00e0 essere confermata dal competente ufficio centrale del Dipartimento per i trasporti, la navigazione ed i sistemi informativi e statistici.<\/p>\n<p><strong>ATTENZIONE<\/strong><\/p>\n<p>Il rinnovo cartaceo eseguito dal Consolato Generale d\u2019Italia in Gerusalemme potrebbe non essere riconosciuto in alcuni Paesi esteri.<br \/>\nPer informazioni cliccare <a href=\"https:\/\/www.mit.gov.it\/\"><strong>qui<\/strong><\/a><\/p>\n<p><strong>B)\u00a0<\/strong><strong>FURTO, SMARRIMENTO O RICHIESTA DI DUPLICATO DELLA PATENTE DI GUIDA<\/strong><\/p>\n<p>In caso di furto o smarrimento, si suggerisce di sporgere immediatamente denuncia presso una qualsiasi stazione di polizia israeliana o palestinese, in modo da tutelarsi dall&#8217;uso della stessa nel caso in cui essa venise ritrovata da\u00a0malintenzionati.<\/p>\n<p>l richiedente deve poi presentarsi presso questo Consolato Generale \u00a0(su appuntamento) portando:<\/p>\n<ol>\n<li>la denuncia di smarrimento;<\/li>\n<li>tre fotografie formato tessera recenti, una delle quali verr\u00e0 autenticata;<\/li>\n<li>un documento d\u2019identit\u00e0 valido;<\/li>\n<li>una dichiarazione sostitutiva di atto di notoriet\u00e0 precompilata, ad eccezione della firma;<\/li>\n<li>un\u2019eventuale delega precompilata, che verr\u00e0 vistata per chi dovr\u00e0 curare la pratica in Italia.<\/li>\n<\/ol>\n<p>L\u2019interessato, ovvero un suo delegato, dovr\u00e0 poi presentarsi per richiedere il duplicato della patente smarrita o deteriorata presso l\u2019Ufficio della Motorizzazione Civile competente in base al luogo di residenza, ovvero presso un ufficio pratiche auto, presentando:<\/p>\n<ul>\n<li>il modello TT 2112 gi\u00e0 compilato (disponibile <a href=\"https:\/\/consgerusalemme.esteri.it\/wp-content\/uploads\/2023\/09\/modello_tt2112.pdf\"><strong>qui<\/strong><\/a> anche presso gli uffici della M.C.);<\/li>\n<li>la ricevuta di un versamento di \u20ac 10,20 sul c\/c 9001 (il bollettino prestampato \u00e8 in distribuzione presso gli uffici postali e gli uffici della M.C.). Si suggerisce di verificare l&#8217;importo esatto con la Motorizzazione prima di procedere al versamento, poich\u00e9 esso potrebbe subire variazioni non comunicate a questo Consolato Gererale;<\/li>\n<li>due foto recenti formato tessera, delle quali una autenticata.<\/li>\n<\/ul>\n<p>La stessa procedura dev\u2019essere seguita in caso di duplicato richiesto per deterioramento.<\/p>\n<p>Il duplicato della patente verr\u00e0 spedito dal MIT alla residenza italiana dell\u2019utente con posta assicurata.<\/p>\n<p>Questo servizio \u00e8 offerto anche a richiedenti che non posseggano la cittadinanza italiana. Per evitare spiacevoli lunghe attese, si consiglia vivamente di prendere appuntamento.<\/p>\n<p>&nbsp;<\/p>\n<p><strong>Per informazioni sulla guida in Israele e nei Territori dell&#8217;Autonomia Palestinese consultare il sito <a href=\"http:\/\/www.viaggiaresicuri.it\">www.viaggiaresicuri.it<\/a> ai seguenti link:<\/strong><\/p>\n<p>&#8211; <strong><a href=\"http:\/\/www.viaggiaresicuri.it\/#\/country\/ISR\">ISRAELE<\/a><\/strong><\/p>\n<p>&#8211; <strong><a href=\"http:\/\/www.viaggiaresicuri.it\/#\/country\/PSE\">TERRITORI PALESTINESI<\/a><\/strong><\/p>\n<p>&nbsp;<\/p>\n<h3>Proroga dei termini della validit\u00e0 delle patenti di guida Italiane<\/h3>\n<div class=\"sr-only\"><\/div>\n<div>\n<p>Si forniscono gli ultimi aggiornamenti sulla proroga dei termini di validit\u00e0 delle patenti conseguenti alla pubblicazione del Regolamento (UE) 2021\/267 del Parlamento Europeo e del Consiglio del 16 febbraio 2021 cd. &#8220;Omnibus II&#8221;.<\/p>\n<p>In particolare, per la disciplina della proroga della validit\u00e0 delle patenti di guida, alla luce delle nuove disposizioni vigenti in materia, si chiarisce che:<\/p>\n<p>1) per la circolazione su tutto il territorio dell&#8217;UE e dello SEE, con le patenti rilasciate in Italia<\/p>\n<p>e<\/p>\n<p>2) per la circolazione su tutto il territorio italiano, con le patenti di guida rilasciate da un diverso Paese membro dell&#8217;UE o del SEE, salvo diversa indicazione dello Stato di rilascio,<\/p>\n<p>la validit\u00e0 delle patenti \u00e8 cos\u00ec prorogata:<\/p>\n<ul>\n<li>per le patenti con scadenza originaria tra il 1 febbraio 2020 e il 31 maggio 2020 la scadenza \u00e8 prorogata di 13 mesi a decorrere dalla data di scadenza originaria;<\/li>\n<li>per le patenti con scadenza originaria tra il 1 giugno 2020 e il 31 agosto 2020, la scadenza \u00e8 prorogata al 1 luglio 2021;<\/li>\n<li>per le patenti con scadenza originaria tra il 1 settembre 2020 e il 30 giugno 2021 la scadenza \u00e8 prorogata di 10 mesi a decorrere dalla data della scadenza originaria.<\/li>\n<\/ul>\n<p>3) per la circolazione sul suolo nazionale, la validit\u00e0 delle patenti rilasciate in Italia quali titoli abilitativi alla guida, \u00e8 cos\u00ec prorogata:<\/p>\n<ul>\n<li>per le patenti con scadenza originaria tra il 31 gennaio 2020 e il 29 settembre 2020 la scadenza \u00e8 prorogata al 29 luglio 2021;<\/li>\n<li>per le patenti con scadenza originaria tra il 30 settembre 2020 e il 30 giugno 2021, la scadenza \u00e8 prorogata di 10 mesi a decorrere dalla data della scadenza originaria.<\/li>\n<\/ul>\n<p>4) per le finalit\u00e0 proprie dei documenti di riconoscimento, la validit\u00e0 delle patenti di guida rilasciate in Italia, con scadenza compresa tra il 31 gennaio 2020 ed il 29 aprile 2021, \u00e8 prorogata fino al 30 aprile 2021. La validit\u00e0 ai fini dell&#8217;espatrio resta limitata alla data di scadenza indicata nel documento<\/p>\n<p>&#8211; <a href=\"https:\/\/consgerusalemme.esteri.it\/wp-content\/uploads\/2023\/11\/circolare_proroghe_reg._omnibus_ii_1.3.2021_prot._n._7203.pdf\">Circolare della Direzione Generale per la Motorizzazione del Ministero delle Infrastrutture e dei Trasporti, ora Ministero delle Infrastrutture e della mobilita&#8217; sostenibili, n. 7203 del 01\/03\/2021<\/a><\/p>\n<h4>Patenti: Nuove scadenze e proroghe causa COVID 19<\/h4>\n<p>A seguito dell&#8217;emergenza dovuta alla pandemia da Covid 19 la validit\u00e0 delle patenti di guida italiana \u00e9 stata prorogata come segue:<\/p>\n<p><strong>per circolare in Italia<\/strong>, le patenti di guida italiane con scadenza:<\/p>\n<p>&#8211; tra 31 gennaio 2020 e 29 dicembre 2020 sono valide fino al 29 ottobre 2021 (novantesimo giorno successivo alla dichiarazione di cessazione dello stato di emergenza sanitaria, attualmente fissata al 31 luglio 2021)<br \/>\n&#8211; tra 30 dicembre 2020 e 30 giugno 2021 sono valide fino a 10 mesi dopo la scadenza normale<br \/>\n&#8211; tra 1 e 31 luglio 2021 sono valide fino al 29 ottobre 2021 (novantesimo giorno successivo alla dichiarazione di cessazione dello stato di emergenza sanitaria, attualmente fissata al 31 luglio 2021).<\/p>\n<p><strong>per circolare negli altri Paesi membri dell\u2019Unione Europea<\/strong> le patenti di guida rilasciate in Italia, con scadenza<\/p>\n<p>&#8211; tra 1\u00b0 febbraio 2020 e 31 maggio 2020 sono valide fino a 13 mesi dopo la scadenza normale<br \/>\n&#8211; tra 1\u00b0 giugno 2020 e 31 agosto 2020 sono valide fino al 1\u00b0 luglio 2021<br \/>\n&#8211; tra 1\u00b0 settembre 2020 e 30 giugno 2021 sono valide fino 10 mesi dopo la scadenza normale<\/p>\n<p>Infine, <strong>se utilizzate come documenti di riconoscimento<\/strong>, le patenti italiane con scadenza dal 31 gennaio 2020 sono valide in Italia fino al 30 settembre 2021, all\u2019estero fino alla data di scadenza indicata nel documento.<\/p>\n<p>Per ulteriori informazioni si rimanda al sito del <strong><a href=\"https:\/\/mit.gov.it\/\">Ministero delle infrastrutture e della mobilit\u00e0 sostenibili<\/a><\/strong><\/p>\n<\/div>\n<p>&nbsp;<\/p>\n<p><em>Informativa sulla protezione dei dati personali<\/em><\/p>\n<p><em>In seguito all\u00b4entrata in vigore del regolamento UE 2016\/679 in materia di Protezione dei dati Personali, si pubblicano le nuove informative sul trattamento dei dati presso il consolato:<\/em><\/p>\n<p><a href=\"https:\/\/consgerusalemme.esteri.it\/wp-content\/uploads\/2024\/05\/cg_gerusalemme_informativa_tdp_per_servizi_consolari_ex_visti_e_cittadinanza__all.3.pdf\"><em>Informativa Servizi Consolari<\/em><\/a><\/p>\n<p><a href=\"https:\/\/consgerusalemme.esteri.it\/wp-content\/uploads\/2024\/05\/cg_gerusalemme_informativa_tdp_per_cittadinanza__all.2.pdf\"><em>Informativa Cittadinanza<\/em><\/a><\/p>\n","protected":false},"excerpt":{"rendered":"INFORMAZIONI GENERALI http:\/\/www.aci.it &nbsp; A) INFORMAZIONI GENERALI SU RINNOVO PATENTI DI GUIDA 1) QUESTO CONSOLATO GENERALE NON PU\u00d2 EMETTERE DUPLICATI DELLA PATENTE Il duplicato della patente pu\u00f2 essere emesso solo dagli uffici della MOTORIZZAZIONE CIVILE in Italia. In caso di smarrimento o furto della patente, si consiglia quindi di contattare prima la motorizzazione per vedere [&hellip;]","protected":false},"author":1,"featured_media":0,"parent":59,"menu_order":16,"comment_status":"closed","ping_status":"closed","template":"","meta":{"footnotes":""},"class_list":["post-91","page","type-page","status-publish","hentry"],"_links":{"self":[{"href":"https:\/\/consgerusalemme.esteri.it\/it\/wp-json\/wp\/v2\/pages\/91","targetHints":{"allow":["GET"]}}],"collection":[{"href":"https:\/\/consgerusalemme.esteri.it\/it\/wp-json\/wp\/v2\/pages"}],"about":[{"href":"https:\/\/consgerusalemme.esteri.it\/it\/wp-json\/wp\/v2\/types\/page"}],"author":[{"embeddable":true,"href":"https:\/\/consgerusalemme.esteri.it\/it\/wp-json\/wp\/v2\/users\/1"}],"replies":[{"embeddable":true,"href":"https:\/\/consgerusalemme.esteri.it\/it\/wp-json\/wp\/v2\/comments?post=91"}],"version-history":[{"count":7,"href":"https:\/\/consgerusalemme.esteri.it\/it\/wp-json\/wp\/v2\/pages\/91\/revisions"}],"predecessor-version":[{"id":3797,"href":"https:\/\/consgerusalemme.esteri.it\/it\/wp-json\/wp\/v2\/pages\/91\/revisions\/3797"}],"up":[{"embeddable":true,"href":"https:\/\/consgerusalemme.esteri.it\/it\/wp-json\/wp\/v2\/pages\/59"}],"wp:attachment":[{"href":"https:\/\/consgerusalemme.esteri.it\/it\/wp-json\/wp\/v2\/media?parent=91"}],"curies":[{"name":"wp","href":"https:\/\/api.w.org\/{rel}","templated":true}]}}