{"id":806,"date":"2023-10-05T11:58:27","date_gmt":"2023-10-05T08:58:27","guid":{"rendered":"https:\/\/consgerusalemme.esteri.it\/?page_id=806"},"modified":"2024-05-29T22:44:11","modified_gmt":"2024-05-29T19:44:11","slug":"dichiarazioni-su-redditi-prodotti-a-gerusalemme-o-nei-territori-palestinesi-2021-03-02","status":"publish","type":"page","link":"https:\/\/consgerusalemme.esteri.it\/it\/servizi-consolari-e-visti\/servizi-per-il-cittadino-italiano\/dichiarazioni-su-redditi-prodotti-a-gerusalemme-o-nei-territori-palestinesi-2021-03-02\/","title":{"rendered":"Dichiarazioni su redditi prodotti a Gerusalemme o nei Territori Palestinesi"},"content":{"rendered":"<div>\n<p><strong>Redditi prodotti a Gerusalemme o nei Territori Palestinesi da cittadini israeliani e palestinesi presenti in Italia.<\/strong><\/p>\n<p>Tra i compiti del Consolato Generale d\u2019Italia in Gerusalemme rientra l\u2019assistenza dei cittadini italiani residenti nella Circoscrizione Autonoma di Gerusalemme e nei Territori dell\u2019Autonomia Palestinese ma non anche quella per i cittadini israeliani o palestinesi presenti a qualsiasi titolo in Italia.<\/p>\n<p>Il Consolato Generale d\u2019Italia in Gerusalemme non ha &#8211; n\u00e8 potrebbe avere &#8211; alcun accesso alle dichiarazioni reddituali presentate a Gerusalemme o in Palestina da cittadini israeliani o palestinesi presenti in Italia, per ovvi motivi di riservatezza, n\u00e9 rientra tra le competenze del Consolato Generale rilasciare certificazioni di questo tipo ancorch\u00e8 relative alla propriet\u00e0, detenzione o possesso di beni immobili.<\/p>\n<ul>\n<li>Per quanto concerne i <strong>cittadini israeliani<\/strong> presenti in Italia essi potranno richiedere opportuna certificazione <a href=\"https:\/\/www.gov.il\/en\/Departments\/israel_tax_authority\">all\u2019Israel Tax Authority<\/a> anche nell\u2019ambito della cooperazione tra le Amministrazioni finanziarie italiana ed israeliana di cui alla Convenzione per evitare le doppie imposizioni tra Italia ed Israele firmato a Roma il 08.09.1995, ratificato con L. 09.10.1997, n.371 ed in vigore dal 06.08.1998.<\/li>\n<li>Per quanto concerne, invece, i<strong> cittadini palestinesi<\/strong> presenti in Italia, se intendono ottenere opportuna certificazione relativa ai redditi prodotti e dichiarati nei Territori dell\u2019Autonomia Palestinese per essere ammessi, ad esempio, al gratuito patrocinio, essi potranno rivolgersi all\u2019Ambasciata di Palestina in Roma.<\/li>\n<\/ul>\n<ul>Si prega di prendere visione della normativa Informativa sul Regolamento Generale sulla Protezione dei Dati \/RGPD (UE) 2016\/679 disponibile nella sezione &#8220;Albo Consolare&#8221;.<\/ul>\n<\/div>\n<p><em>Informativa sulla protezione dei dati personali<\/em><\/p>\n<p><em>In seguito all\u00b4entrata in vigore del regolamento UE 2016\/679 in materia di Protezione dei dati Personali, si pubblicano le nuove informative sul trattamento dei dati presso il consolato:<\/em><\/p>\n<p><a href=\"https:\/\/consgerusalemme.esteri.it\/wp-content\/uploads\/2024\/05\/cg_gerusalemme_informativa_tdp_per_servizi_consolari_ex_visti_e_cittadinanza__all.3.pdf\"><em>Informativa Servizi Consolari<\/em><\/a><\/p>\n<p><a href=\"https:\/\/consgerusalemme.esteri.it\/wp-content\/uploads\/2024\/05\/cg_gerusalemme_informativa_tdp_per_cittadinanza__all.2.pdf\"><em>Informativa Cittadinanza<\/em><\/a><\/p>\n","protected":false},"excerpt":{"rendered":"Redditi prodotti a Gerusalemme o nei Territori Palestinesi da cittadini israeliani e palestinesi presenti in Italia. Tra i compiti del Consolato Generale d\u2019Italia in Gerusalemme rientra l\u2019assistenza dei cittadini italiani residenti nella Circoscrizione Autonoma di Gerusalemme e nei Territori dell\u2019Autonomia Palestinese ma non anche quella per i cittadini israeliani o palestinesi presenti a qualsiasi titolo [&hellip;]","protected":false},"author":3,"featured_media":0,"parent":59,"menu_order":0,"comment_status":"closed","ping_status":"closed","template":"","meta":{"footnotes":""},"class_list":["post-806","page","type-page","status-publish","hentry"],"_links":{"self":[{"href":"https:\/\/consgerusalemme.esteri.it\/it\/wp-json\/wp\/v2\/pages\/806","targetHints":{"allow":["GET"]}}],"collection":[{"href":"https:\/\/consgerusalemme.esteri.it\/it\/wp-json\/wp\/v2\/pages"}],"about":[{"href":"https:\/\/consgerusalemme.esteri.it\/it\/wp-json\/wp\/v2\/types\/page"}],"author":[{"embeddable":true,"href":"https:\/\/consgerusalemme.esteri.it\/it\/wp-json\/wp\/v2\/users\/3"}],"replies":[{"embeddable":true,"href":"https:\/\/consgerusalemme.esteri.it\/it\/wp-json\/wp\/v2\/comments?post=806"}],"version-history":[{"count":3,"href":"https:\/\/consgerusalemme.esteri.it\/it\/wp-json\/wp\/v2\/pages\/806\/revisions"}],"predecessor-version":[{"id":3050,"href":"https:\/\/consgerusalemme.esteri.it\/it\/wp-json\/wp\/v2\/pages\/806\/revisions\/3050"}],"up":[{"embeddable":true,"href":"https:\/\/consgerusalemme.esteri.it\/it\/wp-json\/wp\/v2\/pages\/59"}],"wp:attachment":[{"href":"https:\/\/consgerusalemme.esteri.it\/it\/wp-json\/wp\/v2\/media?parent=806"}],"curies":[{"name":"wp","href":"https:\/\/api.w.org\/{rel}","templated":true}]}}