{"id":757,"date":"2023-10-05T10:29:12","date_gmt":"2023-10-05T07:29:12","guid":{"rendered":"https:\/\/consgerusalemme.esteri.it\/?page_id=757"},"modified":"2023-11-02T17:17:56","modified_gmt":"2023-11-02T15:17:56","slug":"notifiche-allestero","status":"publish","type":"page","link":"https:\/\/consgerusalemme.esteri.it\/it\/servizi-consolari-e-visti\/servizi-per-il-cittadino-italiano\/notifiche-allestero\/","title":{"rendered":"Notifiche all&#8217;estero"},"content":{"rendered":"<h2>Notifica all\u2019estero di atti giudiziari ed extragiudiziari<\/h2>\n<p>(Ufficio di Riferimento: D.G.IT. &#8211; UFFICIO IV)<\/p>\n<p>L&#8217;attivit\u00e0 di notificazione \u00e8 una fase fondamentale dei processi civili, penali, tributari, amministrativi, fallimentari e del lavoro, nonch\u00e9 di alcune fasi pre-processuali o amministrative, che d\u00e0 la conoscenza legale di un provvedimento mediante la consegna di un atto, giudiziario o extragiudiziario, da parte di un particolare soggetto notificatore, secondo precise modalit\u00e0.<br \/>\nAi sensi dell\u2019art. 37 del D.Lgs. 71\/2011 l\u2019Ufficio consolare provvede alla notifica degli atti ad esso rimessi, in conformit\u00e0 alle disposizioni di cooperazione giudiziaria dell\u2019UE, alle convenzioni internazionali in materia e alle leggi dello Stato di residenza.<\/p>\n<p>NOTIFICA ALL\u2019ESTERO DEGLI ATTI GIUDIZIARI ED EXTRAGIUDIZIARI IN MATERIA CIVILE E COMMERCIALE.<br \/>\nLe informazioni sono reperibili nella \u201c<a href=\"https:\/\/consgerusalemme.esteri.it\/wp-content\/uploads\/2023\/11\/2014guida_notifiche.pdf\" target=\"_blank\" rel=\"noopener\">Guida alla notifica all&#8217;estero degli atti giudiziari ed extragiudiziari in materia civile e commerciale (maggio 2014)<\/a>\u201d.<\/p>\n<p style=\"text-align: left;\"><a href=\"https:\/\/consgerusalemme.esteri.it\/wp-content\/uploads\/2023\/10\/2014guida_notifiche-2.pdf\">GUIDA ALLA NOTIFICA ALL\u2019ESTERO DEGLI ATTI GIUDIZIARI ED EXTRAGIUDIZIARI IN MATERIA CIVILE E COMMERCIALE<\/a><\/p>\n","protected":false},"excerpt":{"rendered":"Notifica all\u2019estero di atti giudiziari ed extragiudiziari (Ufficio di Riferimento: D.G.IT. &#8211; UFFICIO IV) L&#8217;attivit\u00e0 di notificazione \u00e8 una fase fondamentale dei processi civili, penali, tributari, amministrativi, fallimentari e del lavoro, nonch\u00e9 di alcune fasi pre-processuali o amministrative, che d\u00e0 la conoscenza legale di un provvedimento mediante la consegna di un atto, giudiziario o extragiudiziario, [&hellip;]","protected":false},"author":3,"featured_media":0,"parent":59,"menu_order":0,"comment_status":"closed","ping_status":"closed","template":"","meta":{"footnotes":""},"class_list":["post-757","page","type-page","status-publish","hentry"],"_links":{"self":[{"href":"https:\/\/consgerusalemme.esteri.it\/it\/wp-json\/wp\/v2\/pages\/757","targetHints":{"allow":["GET"]}}],"collection":[{"href":"https:\/\/consgerusalemme.esteri.it\/it\/wp-json\/wp\/v2\/pages"}],"about":[{"href":"https:\/\/consgerusalemme.esteri.it\/it\/wp-json\/wp\/v2\/types\/page"}],"author":[{"embeddable":true,"href":"https:\/\/consgerusalemme.esteri.it\/it\/wp-json\/wp\/v2\/users\/3"}],"replies":[{"embeddable":true,"href":"https:\/\/consgerusalemme.esteri.it\/it\/wp-json\/wp\/v2\/comments?post=757"}],"version-history":[{"count":6,"href":"https:\/\/consgerusalemme.esteri.it\/it\/wp-json\/wp\/v2\/pages\/757\/revisions"}],"predecessor-version":[{"id":886,"href":"https:\/\/consgerusalemme.esteri.it\/it\/wp-json\/wp\/v2\/pages\/757\/revisions\/886"}],"up":[{"embeddable":true,"href":"https:\/\/consgerusalemme.esteri.it\/it\/wp-json\/wp\/v2\/pages\/59"}],"wp:attachment":[{"href":"https:\/\/consgerusalemme.esteri.it\/it\/wp-json\/wp\/v2\/media?parent=757"}],"curies":[{"name":"wp","href":"https:\/\/api.w.org\/{rel}","templated":true}]}}