{"id":67,"date":"2023-04-03T19:27:59","date_gmt":"2023-04-03T17:27:59","guid":{"rendered":"https:\/\/consolatozurigo.esteri.it\/?page_id=67"},"modified":"2026-04-03T10:08:06","modified_gmt":"2026-04-03T07:08:06","slug":"passaporti-e-carte-didentita","status":"publish","type":"page","link":"https:\/\/consgerusalemme.esteri.it\/it\/servizi-consolari-e-visti\/servizi-per-il-cittadino-italiano\/passaporti-e-carte-didentita\/","title":{"rendered":"Passaporti"},"content":{"rendered":"<p>Il passaporto \u00e8 un documento di viaggio e di riconoscimento.<\/p>\n<p><strong>1.1. Chi pu\u00f2 richiedere il passaporto?<\/strong><\/p>\n<p><strong>1.2. Tempi di rilascio e validit\u00e0<\/strong><\/p>\n<p><strong>1.3. Modalit\u00e0 di richiesta e costi<\/strong><\/p>\n<p><strong>1.4. Passaporto in presenza di figli minori<\/strong><\/p>\n<p><strong>1.5. Passaporto per minori<\/strong><\/p>\n<p>______________________________________________________________________________________________________________________________________<\/p>\n<p style=\"text-align: justify;\"><strong>1.1. Chi pu\u00f2 richiedere il passaporto?<\/strong> Possono richiedere il passaporto al Consolato Generale d\u2019Italia in Gerusalemme i cittadini italiani residenti nella circoscrizione di competenza (la Citt\u00e0 di Gerusalemme e i Territori Palestinesi) regolarmente iscritti in A.I.R.E. (Anagrafe Italiani Residenti all\u2019Estero). Per informazioni su come iscriversi in <a href=\"https:\/\/consgerusalemme.esteri.it\/it\/servizi-consolari-e-visti\/servizi-per-il-cittadino-italiano\/anagrafe-degli-italiani-residenti-allestero-aire\/\"><strong>AIRE, clicca qui<\/strong><\/a> Il passaporto pu\u00f2 anche essere richiesto dai cittadini italiani non iscritti in AIRE. In tal caso per\u00f2 questo Consolato Generale dovr\u00e0 preventivamente acquisire il Nulla Osta e delega al rilascio dalla Questura in Italia o dall\u2019Ufficio Consolare di residenza. Si informa che, per ottenere il Nulla Osta si pu\u00f2 impiegare anche un mese.<\/p>\n<p style=\"text-align: justify;\"><strong>AVVERTENZE\u00a0PER COLORO CHE<\/strong>:<\/p>\n<p style=\"text-align: justify;\">\u2022 non sono nati in Italia<\/p>\n<p style=\"text-align: justify;\">\u2022 hanno acquisito la cittadinanza italiana all\u2019estero o in Italia (ma non tramite il Consolato Generale d\u2019Italia in Gerusalemme)<\/p>\n<p style=\"text-align: justify;\">\u2022 hanno acquisito la cittadinanza italiana per matrimonio all\u2019estero o in Italia (ma non tramite il Consolato Generale d\u2019Italia in Gerusalemme) prima di avviare la procedura di richiesta del passaporto, occorre assicurarsi che il proprio atto di nascita sia stato trasmesso in Italia per la trascrizione dal Consolato Generale d\u2019Italia in Gerusalemme o, qualora la trascrizione della nascita sia stata fatta da un altro Consolato, occorre esibire un estratto di nascita rilasciato dal Comune in Italia Qualora l\u2019atto di nascita del connazionale non sia gi\u00e0 trascritto in Italia, l&#8217;interessato deve presentare copia conforme (cio\u00e8 apostillata e tradotta) dell&#8217;atto di nascita per la trascrizione in Italia. Per le informazioni inerenti la Apostille e la registrazione degli atti di nascita: clicca <strong><a href=\"https:\/\/consgerusalemme.esteri.it\/it\/servizi-consolari-e-visti\/servizi-per-il-cittadino-italiano\/stato-civile\/#NASCITA\">qui<\/a><\/strong><\/p>\n<p style=\"text-align: justify;\"><strong>1.2. Tempi di rilascio e validit\u00e0<\/strong><\/p>\n<p style=\"text-align: justify;\">Il passaporto biometrico \u00e8 un documento di identit\u00e0 provvisto di microchip, all\u2019interno del quale, oltre ai dati anagrafici, saranno memorizzate anche la foto e le impronte digitali del titolare. Sono esentati dalla rilevazione delle impronte digitali le persone affette da malattia o altro impedimento &#8211; certificate con le modalit\u00e0 previste dalla legge &#8211; e i minori di 12 anni.<\/p>\n<p style=\"text-align: justify;\">Validit\u00e0 del passaporto biometrico:<\/p>\n<p style=\"text-align: justify;\">\u2022 10 anni per i titolari maggiorenni<\/p>\n<p style=\"text-align: justify;\">\u2022 5 anni per minori da 3 anni compiuti fino a 17 anni di et\u00e0<\/p>\n<p style=\"text-align: justify;\">\u2022 3 anni per minori da 0 a 3 anni di et\u00e0 non compiuti.<\/p>\n<p style=\"text-align: justify;\"><strong>1.3 Modalit\u00e0 di richiesta e costi<\/strong><\/p>\n<p style=\"text-align: justify;\">Per richiedere il passaporto occorrono:<\/p>\n<p style=\"text-align: justify;\">a) <strong>email di richiesta<\/strong> a: consolare.gerusalemme@esteri.it, indicando nell\u2019oggetto \u201c<strong>Richiesta di appuntamento passaporto &#8211; nome, cognome e data di nascita<\/strong>\u201d<\/p>\n<p style=\"text-align: justify;\">b) una <strong>foto<\/strong> (frontale e a colori), secondo il modello disponibile <a href=\"https:\/\/consgerusalemme.esteri.it\/wp-content\/uploads\/2023\/09\/standard_icao_per_foto_documenti.pdf\">qui<\/a><a href=\"http:\/\/consgerusalemme.esteri.it\/consolato_gerusalemme\/resource\/doc\/2018\/12\/standard_icao_per_foto_documenti.pdf\">;<\/a><\/p>\n<p style=\"text-align: justify;\">c) il corretto importo in Shekel, che varia ogni tre mesi (<strong>attualmente 426 fino al 30 giugno 2026<\/strong>), disponibile <a href=\"https:\/\/consgerusalemme.esteri.it\/it\/servizi-consolari-e-visti\/servizi-per-il-cittadino-italiano\/tariffe-consolari\/\">qui<\/a>. Il pagamento avviene al momento della presentazione della domanda e pu\u00f2 essere effettuato esclusivamente in Shekel in contanti<\/p>\n<p style=\"text-align: justify;\"><strong>1.4. Passaporto in presenza di figli minori<\/strong><\/p>\n<p>Si informano i connazionali, genitori di figli minori, che dal 14 giugno 2023 non \u00e8 pi\u00f9 necessario presentare l\u2019atto di assenso dell\u2019altro genitore ai fini del rilascio del proprio documento di viaggio, ai sensi del D.L. 69\/2023.<\/p>\n<p>Nello specifico il novellato articolo 3-bis della L. 1185\/1967 indica che, quando vi \u00e8 concreto e attuale pericolo che a causa del trasferimento all\u2019estero questo possa sottrarsi all\u2019adempimento dei suoi obblighi verso i figli, sar\u00e0 possibile per l\u2019altro genitore richiedere una inibitoria al rilascio del documento. L\u2019istanza potr\u00e0 essere presentata presso il giudice competente presso il Tribunale ordinario in cui il minore ha la residenza abituale ovvero, se il minore \u00e8 residente all\u2019estero, il Tribunale nel cui circondario si trova il suo Comune di iscrizione AIRE.<\/p>\n<p style=\"text-align: justify;\">L\u2019istante dovr\u00e0 autocertificare ex DPR 445\/2000 l\u2019assenza di cause inibitorie al rilascio del documento di viaggio previste dalla normativa vigente. Tale dichiarazione \u00e8 contenuta nel modulo di richiesta del passaporto e deve essere resa indipendentemente dalla nazionalit\u00e0 dell\u2019altro genitore e anche se si tratta di genitore non coniugato, separato o divorziato.<\/p>\n<p>Ai fini del rilascio dei documenti per i minori, invece, resta l\u2019obbligo dell\u2019assenso firmato da entrambi i genitori o da chi esercita la responsabilit\u00e0 genitoriale.<\/p>\n<p style=\"text-align: justify;\"><strong>1.5. Passaporto per minori<\/strong><\/p>\n<p style=\"text-align: justify;\">A partire dal 25 novembre 2009 i minori degli anni 18 devono avere un passaporto individuale e non \u00e8 pi\u00f9 consentita la loro iscrizione sul passaporto dei genitori. Si precisa che i minori di\u00a014\u00a0devono:<\/p>\n<p style=\"text-align: justify;\">a) viaggiare in compagnia di uno dei genitori (il nominativo dei genitori \u00e8 automaticamente stampato sul passaporto del minore al momento del rilascio); oppure<\/p>\n<p style=\"text-align: justify;\">b) viaggiare in compagnia di una terza persona a patto che entrambi i\u00a0genitori firmino\u00a0un&#8217;apposita dichiarazione presso il Consolato Generale.<\/p>\n<p style=\"text-align: justify;\">Nella dichiarazione i genitori devono indicare le esatte generalit\u00e0 dell&#8217;accompagnatore e le date del viaggio, \u00a0allegando copia del passaporto valido dell&#8217;accompagnatore. Per il rilascio del passaporto in favore dei minori, i genitori o uno di essi devono presentarsi all\u2019Ufficio Passaporti con la seguente documentazione:<\/p>\n<p style=\"text-align: justify;\">a) Apposita richiesta disponibile presso l\u2019Ufficio consolare, firmata da entrambi o da uno di essi con atto di assenso dell\u2019altro genitore, accompagnato dalla fotocopia di un suo documento d\u2019identit\u00e0;<\/p>\n<p style=\"text-align: justify;\">b) Una foto (frontale e a colori), secondo il modello disponibile <strong><a href=\"https:\/\/consgerusalemme.esteri.it\/wp-content\/uploads\/2023\/09\/standard_icao_per_foto_documenti.pdf\">qui<\/a>; <\/strong><\/p>\n<p style=\"text-align: justify;\">c) <a href=\"https:\/\/consgerusalemme.esteri.it\/wp-content\/uploads\/2023\/09\/assenso_con_informativa_privacy.pdf\">Atto di assenso<\/a>\u00a0 firmato da entrambi i genitori in presenza dell\u2019Ufficiale Consolare. Nel caso in cui uno dei genitori non sia cittadino UE la sua firma dovr\u00e0 essere autenticata dall&#8217;Ufficiale Consolare.<\/p>\n<p style=\"text-align: justify;\">d) Il corretto importo in Shekel, che varia ogni tre mesi (<strong>attualmente 426 fino al 30 giugno 2026<\/strong>), disponibile <a href=\"https:\/\/consgerusalemme.esteri.it\/it\/servizi-consolari-e-visti\/servizi-per-il-cittadino-italiano\/tariffe-consolari\/\"><strong>qui<\/strong><\/a>. Il pagamento avviene al momento della presentazione della domanda e pu\u00f2 essere effettuato esclusivamente in Shekel in contanti.<\/p>\n<p><em>Informativa sulla protezione dei dati personali<\/em><\/p>\n<p><em>In seguito all\u00b4entrata in vigore del regolamento UE 2016\/679 in materia di Protezione dei dati Personali, si pubblicano le nuove informative sul trattamento dei dati presso il consolato:<\/em><\/p>\n<p><a href=\"https:\/\/consgerusalemme.esteri.it\/wp-content\/uploads\/2024\/05\/cg_gerusalemme_informativa_tdp_per_servizi_consolari_ex_visti_e_cittadinanza__all.3.pdf\"><em>Informativa Servizi Consolari<\/em><\/a><\/p>\n<p><a href=\"https:\/\/consgerusalemme.esteri.it\/wp-content\/uploads\/2024\/05\/cg_gerusalemme_informativa_tdp_per_cittadinanza__all.2.pdf\"><em>Informativa Cittadinanza<\/em><\/a><\/p>\n","protected":false},"excerpt":{"rendered":"Il passaporto \u00e8 un documento di viaggio e di riconoscimento. 1.1. Chi pu\u00f2 richiedere il passaporto? 1.2. Tempi di rilascio e validit\u00e0 1.3. Modalit\u00e0 di richiesta e costi 1.4. Passaporto in presenza di figli minori 1.5. Passaporto per minori ______________________________________________________________________________________________________________________________________ 1.1. Chi pu\u00f2 richiedere il passaporto? Possono richiedere il passaporto al Consolato Generale d\u2019Italia in [&hellip;]","protected":false},"author":1,"featured_media":0,"parent":59,"menu_order":10,"comment_status":"closed","ping_status":"closed","template":"","meta":{"footnotes":""},"class_list":["post-67","page","type-page","status-publish","hentry"],"_links":{"self":[{"href":"https:\/\/consgerusalemme.esteri.it\/it\/wp-json\/wp\/v2\/pages\/67","targetHints":{"allow":["GET"]}}],"collection":[{"href":"https:\/\/consgerusalemme.esteri.it\/it\/wp-json\/wp\/v2\/pages"}],"about":[{"href":"https:\/\/consgerusalemme.esteri.it\/it\/wp-json\/wp\/v2\/types\/page"}],"author":[{"embeddable":true,"href":"https:\/\/consgerusalemme.esteri.it\/it\/wp-json\/wp\/v2\/users\/1"}],"replies":[{"embeddable":true,"href":"https:\/\/consgerusalemme.esteri.it\/it\/wp-json\/wp\/v2\/comments?post=67"}],"version-history":[{"count":7,"href":"https:\/\/consgerusalemme.esteri.it\/it\/wp-json\/wp\/v2\/pages\/67\/revisions"}],"predecessor-version":[{"id":4595,"href":"https:\/\/consgerusalemme.esteri.it\/it\/wp-json\/wp\/v2\/pages\/67\/revisions\/4595"}],"up":[{"embeddable":true,"href":"https:\/\/consgerusalemme.esteri.it\/it\/wp-json\/wp\/v2\/pages\/59"}],"wp:attachment":[{"href":"https:\/\/consgerusalemme.esteri.it\/it\/wp-json\/wp\/v2\/media?parent=67"}],"curies":[{"name":"wp","href":"https:\/\/api.w.org\/{rel}","templated":true}]}}