{"id":65,"date":"2023-04-03T19:26:44","date_gmt":"2023-04-03T17:26:44","guid":{"rendered":"https:\/\/consolatozurigo.esteri.it\/?page_id=65"},"modified":"2023-09-08T11:36:15","modified_gmt":"2023-09-08T08:36:15","slug":"missioni-archeologiche","status":"publish","type":"page","link":"https:\/\/consgerusalemme.esteri.it\/it\/italia-e-gerusalemme\/diplomazia-culturale\/missioni-archeologiche\/","title":{"rendered":"Missioni archeologiche"},"content":{"rendered":"<p>La presenza archeologica italiana a Gerusalemme \u00e8 indissolubilmente legata alla missione francescana e ai nomi dei grandi archeologi italiani (Padre Michele Piccirillo, Padre Bellarmino Bagatti, Padre Virgilio Corbo, Padre Pietro Kaswalder, e Padre Stanislao Loffreda) che hanno lavorato instancabilmente per portare alla luce l\u2019enorme patrimonio culturale che fa capo alla Custodia e relativo a ben otto secoli di presenza francescana in Terra Santa. Bench\u00e9 cronologicamente pi\u00f9 recente, \u00e8 altrettanto storica la presenza archeologica italiana in Palestina che risale all\u2019istituzione dell\u2019Autorit\u00e0 Nazionale Palestinese negli anni Novanta del XX secolo e alla creazione del Ministero del Turismo e delle Antichit\u00e0, con un Dipartimento di Archeologia e Patrimonio Culturale (MoTA-DACH) nato con il compito di assicurare la tutela e la valorizzazione dei beni archeologici, architettonici, storici e antropologici della Palestina. Fin dagli inizi, gli archeologi italiani \u2013 in particolare tramite l\u2019Universit\u00e0 La Sapienza di Roma \u2013 hanno offerto un contributo prezioso di cooperazione tecnica e scientifica al MoTA-DACH che era chiamato a impiantare ex novo un servizio di tutela del patrimonio archeologico, dotandolo degli strumenti per il controllo e la salvaguardia dei monumenti e dei giacimenti archeologici, del paesaggio, del patrimonio culturale e storico materiale e immateriale della Cisgiordania. L\u2019Italia pu\u00f2 dunque vantare un ruolo di elevatissimo profilo a Gerusalemme e in Palestina in campo archeologico, con una valenza riconosciuta non solo a livello locale, ma anche sul piano internazionale che le missioni in corso \u2013 alcune ormai presenti da molti anni \u2013 hanno contribuito a valorizzare nel tempo.<\/p>\n<p>Le missioni in corso, sostenute con contributi finanziari del Ministero degli Affari Esteri e della Cooperazione Internazionale sono:<\/p>\n<ol>\n<li>Missione diretta dal Prof. Lorenzo Nigro \u2013 Universit\u00e0 di Roma La Sapienza \u2013 \u201cGerico: archeologia, restauro e sviluppo sostenibile\u201d.<\/li>\n<li>Missione diretta dalla Prof.ssa Serenella Ensoli \u2013 Universit\u00e0 degli Studi della Campania \u201cLuigi Vanvitelli\u201d \u2013 \u201cArcheologia in Palestina. Mappatura siti greco-romani; progetti pilota con tecnologie innovative; Mpc; training; capacity building.<\/li>\n<li>Missione diretta dalla Prof.ssa Fulvia Ciliberto\/Universit\u00e0 degli Studi del Molise\u2013 \u201cTutela, studio e valorizzazione di un patrimonio museale\u201d.<\/li>\n<li>Missione diretta dalla Dottoressa Daria Montanari \u2013 Universit\u00e0 di Roma La Sapienza \u2013 \u201cBetlemme: archeologia urbana, salvaguardia e valorizzazione\u201d.<\/li>\n<\/ol>\n","protected":false},"excerpt":{"rendered":"La presenza archeologica italiana a Gerusalemme \u00e8 indissolubilmente legata alla missione francescana e ai nomi dei grandi archeologi italiani (Padre Michele Piccirillo, Padre Bellarmino Bagatti, Padre Virgilio Corbo, Padre Pietro Kaswalder, e Padre Stanislao Loffreda) che hanno lavorato instancabilmente per portare alla luce l\u2019enorme patrimonio culturale che fa capo alla Custodia e relativo a ben [&hellip;]","protected":false},"author":1,"featured_media":0,"parent":41,"menu_order":0,"comment_status":"closed","ping_status":"closed","template":"","meta":{"footnotes":""},"class_list":["post-65","page","type-page","status-publish","hentry"],"_links":{"self":[{"href":"https:\/\/consgerusalemme.esteri.it\/it\/wp-json\/wp\/v2\/pages\/65","targetHints":{"allow":["GET"]}}],"collection":[{"href":"https:\/\/consgerusalemme.esteri.it\/it\/wp-json\/wp\/v2\/pages"}],"about":[{"href":"https:\/\/consgerusalemme.esteri.it\/it\/wp-json\/wp\/v2\/types\/page"}],"author":[{"embeddable":true,"href":"https:\/\/consgerusalemme.esteri.it\/it\/wp-json\/wp\/v2\/users\/1"}],"replies":[{"embeddable":true,"href":"https:\/\/consgerusalemme.esteri.it\/it\/wp-json\/wp\/v2\/comments?post=65"}],"version-history":[{"count":2,"href":"https:\/\/consgerusalemme.esteri.it\/it\/wp-json\/wp\/v2\/pages\/65\/revisions"}],"predecessor-version":[{"id":411,"href":"https:\/\/consgerusalemme.esteri.it\/it\/wp-json\/wp\/v2\/pages\/65\/revisions\/411"}],"up":[{"embeddable":true,"href":"https:\/\/consgerusalemme.esteri.it\/it\/wp-json\/wp\/v2\/pages\/41"}],"wp:attachment":[{"href":"https:\/\/consgerusalemme.esteri.it\/it\/wp-json\/wp\/v2\/media?parent=65"}],"curies":[{"name":"wp","href":"https:\/\/api.w.org\/{rel}","templated":true}]}}