{"id":4451,"date":"2026-03-04T14:12:39","date_gmt":"2026-03-04T12:12:39","guid":{"rendered":"https:\/\/consgerusalemme.esteri.it\/?page_id=4451"},"modified":"2026-03-04T14:12:39","modified_gmt":"2026-03-04T12:12:39","slug":"carta-didentita-elettronica-cie","status":"publish","type":"page","link":"https:\/\/consgerusalemme.esteri.it\/it\/servizi-consolari-e-visti\/servizi-per-il-cittadino-italiano\/carta-didentita-elettronica-cie\/","title":{"rendered":"Carta d\u2019Identit\u00e0 Elettronica (CIE)"},"content":{"rendered":"<p><strong>IMPORTANTE NOVITA\u2019: dal 1 giugno 2026 anche i cittadini italiani iscritti all\u2019Anagrafe degli Italiani Residenti all\u2019Estero (AIRE) potranno richiedere il rilascio della carta d\u2019identit\u00e0 elettronica presso qualsiasi Comune italiano. La carta d\u2019identit\u00e0 potr\u00e0 essere ritirata di persona presso il Comune o si potr\u00e0 richiedere la spedizione all\u2019indirizzo estero di residenza (Legge 11\/2026).<\/strong><\/p>\n<p>La CIE pu\u00f2 essere rilasciata esclusivamente ai cittadini italiani regolarmente residenti nella\u00a0 circoscrizione consolare di ciascun consolato, che siano gi\u00e0 registrati nello schedario consolare e i cui dati anagrafici siano gi\u00e0 presenti nella banca dati A.I.R.E. (Anagrafe degli Italiani Residenti all\u2019Estero) del Ministero dell\u2019Interno (ANPR). Laddove i dati tra lo schedario e il Comune A.I.R.E. non fossero correttamente allineati, il processo di rilascio CIE potrebbe non andare a buon fine.<\/p>\n<p>Ai fini dell\u2019emissione della CIE \u00e8 necessario possedere un <strong>codice fiscale validato<\/strong>. In mancanza, il codice fiscale stesso sar\u00e0 attribuito o validato dall\u2019Agenzia delle Entrate per il tramite dell\u2019Ufficio consolare preliminarmente al rilascio della CIE.<\/p>\n<ol>\n<li><strong>Validit\u00e0 temporale<\/strong><\/li>\n<\/ol>\n<p>La validit\u00e0 della carta d\u2019identit\u00e0, come per i passaporti, varia a seconda all\u2019et\u00e0 del titolare:<\/p>\n<ul>\n<li>3 anni per i minori di et\u00e0 inferiore a 3 anni;<\/li>\n<li>5 anni per i minori di et\u00e0 compresa tra i 3\u00a0e i 18 anni;<\/li>\n<li>10 anni per i maggiorenni.<\/li>\n<\/ul>\n<ol start=\"2\">\n<li><strong>Modalit\u00e0 di richiesta &#8211; appuntamenti<\/strong><\/li>\n<\/ol>\n<p>La richiesta della carta d\u2019identit\u00e0 elettronica deve essere presentata inviando una email a: consolare.gerusalemme@esteri.it, indicando nell\u2019oggetto \u201c<em>Richiesta di CIE \u2013 nome, cognome e data di nascita<\/em>\u201d, ed allegando uno di questi moduli:<\/p>\n<ul>\n<li><a href=\"https:\/\/consgerusalemme.esteri.it\/wp-content\/uploads\/2026\/03\/CIE_richiesta_maggiorenni.pdf\">Modulo per maggiorenni<\/a><\/li>\n<li><a href=\"https:\/\/consgerusalemme.esteri.it\/wp-content\/uploads\/2026\/03\/CIE_richiesta_minorenni-1.pdf\">Modulo per minorenni<\/a>.<\/li>\n<\/ul>\n<p>Dal momento della richiesta alla data fissata per l\u2019appuntamento trascorrono <strong>almeno<\/strong> 15 giorni, necessari per consentire all\u2019ufficio consolare di effettuare il controllo dei dati anagrafici, risolvere eventuali disallineamenti e verificare che non sussistano cause ostative al rilascio del documento.<\/p>\n<p><strong>Si ricorda che l\u2019iscrizione in A.I.R.E. \u00e8 indispensabile ai fini della presentazione della domanda di emissione della CIE. \u00c8 altres\u00ec indispensabile, per i cittadini italiani nati all\u2019estero, che il relativo atto di nascita risulti gi\u00e0 trascritto nei registri di Stato Civile del Comune di riferimento, in quanto gli estremi della trascrizione devono essere riportati sulla CIE.<\/strong><\/p>\n<ol start=\"3\">\n<li><strong>Appuntamento e documentazione da presentare:<\/strong><\/li>\n<\/ol>\n<p>All\u2019appuntamento il cittadino dovr\u00e0 presentarsi con i seguenti <strong>documenti<\/strong>:<\/p>\n<ul>\n<li>1 fototessera, conforme alla <a href=\"https:\/\/consgerusalemme.esteri.it\/wp-content\/uploads\/2023\/09\/standard_icao_per_foto_documenti.pdf\">normativa ICAO<\/a>;<\/li>\n<li>documento di riconoscimento ai sensi del D.P.R. 445\/2000. Se non ne \u00e8 in possesso, il richiedente dovr\u00e0 presentarsi accompagnato da due testimoni;<\/li>\n<li><a href=\"https:\/\/consgerusalemme.esteri.it\/wp-content\/uploads\/2026\/03\/modAssenso.pdf\">atto di assenso<\/a> di entrambi genitori nel caso in cui il richiedente sia un minore di 18 anni.<\/li>\n<\/ul>\n<p>Al momento dell\u2019appuntamento l\u2019operatore consolare acquisir\u00e0 <strong>la foto e, salvo che per i minori di 12 anni, le impronte digitali<\/strong>, <strong>e la firma<\/strong>, che saranno registrate in sicurezza all\u2019interno del microchip presente nella propria CIE e non depositate in nessun altro luogo.<\/p>\n<ol start=\"4\">\n<li><strong>Costo<\/strong><\/li>\n<\/ol>\n<p>Il costo del documento \u00e8 di:<\/p>\n<ul>\n<li><strong>21,95 <\/strong>euro complessivi, in caso di primo rilascio o rinnovo;<\/li>\n<li><strong>27,11<\/strong> euro complessivi in caso di duplicato per furto o smarrimento.<\/li>\n<\/ul>\n<p>Il pagamento dovr\u00e0 essere effettuato il giorno dell\u2019appuntamento <strong>in contanti in Shekel<\/strong>. Per le tariffe del trimestre in corso, visita la pagina <a href=\"https:\/\/consgerusalemme.esteri.it\/it\/servizi-consolari-e-visti\/servizi-per-il-cittadino-italiano\/tariffe-consolari\/\">Tariffe Consolari<\/a>.<\/p>\n<ol start=\"5\">\n<li><strong>Consegna della carta d\u2019identit\u00e0<\/strong><\/li>\n<\/ol>\n<p>La CIE viene stampata e poi recapitata a mezzo posta al Consolato, a cura dell\u2019Istituto Poligrafico e Zecca dello Stato, in circa 20 giorni dalla data della richiesta in Consolato. I tempi tuttavia potrebbero essere superiori.<\/p>\n<ol start=\"6\">\n<li><strong>Rinvenimento carte d\u2019identit\u00e0<\/strong><\/li>\n<\/ol>\n<p>Si rende noto all\u2019utenza che le carte d\u2019identit\u00e0 oggetto di furto o smarrimento all\u2019estero, in caso di rinvenimento, vengono di norma restituite agli Uffici consolari nella cui circoscrizione \u00e8 avvenuto il furto o lo smarrimento.<\/p>\n<p>Si invitano pertanto coloro che abbiano recentemente subito all\u2019estero un furto\/smarrimento e vogliano verificare se la propria carta d\u2019identit\u00e0 sia stata rinvenuta, a contattare l\u2019Ufficio consolare territorialmente competente per ulteriori informazioni in merito.<\/p>\n<p>Necessiti di assistenza? Contatta il servizio assistenza del Progetto CIE:\u00a0<a href=\"https:\/\/www.cartaidentita.interno.gov.it\/assistenza\/\">Assistenza \u2013 Carta di Identit\u00e0 Elettronica (CIE) (interno.gov.it)<\/a><\/p>\n","protected":false},"excerpt":{"rendered":"IMPORTANTE NOVITA\u2019: dal 1 giugno 2026 anche i cittadini italiani iscritti all\u2019Anagrafe degli Italiani Residenti all\u2019Estero (AIRE) potranno richiedere il rilascio della carta d\u2019identit\u00e0 elettronica presso qualsiasi Comune italiano. La carta d\u2019identit\u00e0 potr\u00e0 essere ritirata di persona presso il Comune o si potr\u00e0 richiedere la spedizione all\u2019indirizzo estero di residenza (Legge 11\/2026). La CIE pu\u00f2 [&hellip;]","protected":false},"author":3,"featured_media":0,"parent":59,"menu_order":0,"comment_status":"closed","ping_status":"closed","template":"","meta":{"footnotes":""},"class_list":["post-4451","page","type-page","status-publish","hentry"],"_links":{"self":[{"href":"https:\/\/consgerusalemme.esteri.it\/it\/wp-json\/wp\/v2\/pages\/4451","targetHints":{"allow":["GET"]}}],"collection":[{"href":"https:\/\/consgerusalemme.esteri.it\/it\/wp-json\/wp\/v2\/pages"}],"about":[{"href":"https:\/\/consgerusalemme.esteri.it\/it\/wp-json\/wp\/v2\/types\/page"}],"author":[{"embeddable":true,"href":"https:\/\/consgerusalemme.esteri.it\/it\/wp-json\/wp\/v2\/users\/3"}],"replies":[{"embeddable":true,"href":"https:\/\/consgerusalemme.esteri.it\/it\/wp-json\/wp\/v2\/comments?post=4451"}],"version-history":[{"count":3,"href":"https:\/\/consgerusalemme.esteri.it\/it\/wp-json\/wp\/v2\/pages\/4451\/revisions"}],"predecessor-version":[{"id":4468,"href":"https:\/\/consgerusalemme.esteri.it\/it\/wp-json\/wp\/v2\/pages\/4451\/revisions\/4468"}],"up":[{"embeddable":true,"href":"https:\/\/consgerusalemme.esteri.it\/it\/wp-json\/wp\/v2\/pages\/59"}],"wp:attachment":[{"href":"https:\/\/consgerusalemme.esteri.it\/it\/wp-json\/wp\/v2\/media?parent=4451"}],"curies":[{"name":"wp","href":"https:\/\/api.w.org\/{rel}","templated":true}]}}