{"id":41,"date":"2023-04-03T19:17:04","date_gmt":"2023-04-03T17:17:04","guid":{"rendered":"https:\/\/consolatozurigo.esteri.it\/?page_id=41"},"modified":"2023-09-06T14:34:41","modified_gmt":"2023-09-06T11:34:41","slug":"diplomazia-culturale","status":"publish","type":"page","link":"https:\/\/consgerusalemme.esteri.it\/it\/italia-e-gerusalemme\/diplomazia-culturale\/","title":{"rendered":"Diplomazia culturale"},"content":{"rendered":"<div>\n<p>La cooperazione culturale tra Italia e Palestina \u00e8 frutto di un reciproco e crescente interesse, nonche\u2019 riflesso di un senso di appartenenza che accomuna, pur nelle differenze, i popoli del bacino del Mediterraneo. La cultura italiana gode da parte del pubblico palestinese di una sempre maggiore attenzione, che si manifesta in una crescente partecipazione a eventi ed attivit\u00e0 promosse dal Consolato Generale d\u2019Italia a Gerusalemme. La cooperazione culturale tra Italia e Palestina \u00e8 inquadrata in un Memorandum of Understanding (MoU) tra il nostro Ministero per i Beni e le Attivit\u00e0 Culturali e il Ministero del Turismo e delle Antichit\u00e0 palestinese, firmato a Roma il 23 novembre 2012, in occasione del primo Joint MinisterialCommittee(JMC). L\u2019MoU e\u2019finalizzato soprattutto alla tutela, conservazione e recupero del patrimonio culturale.<\/p>\n<p>Un secondo documento di riferimento per la cooperazione culturale bilaterale \u00e8 la Dichiarazione Congiunta dei due Ministri dei Beni Culturali, firmata a Betlemme il 6 ottobre 2013, con cui si fa statodella speciale attenzione che l\u2019Autorit\u00e0 Nazionale Palestinese dedica alla tutela ed alla promozione del proprio patrimonio culturale, inteso anche come possibile motore per lo sviluppo economico, tramite l\u2019aumento dei flussi turistici. A tal fine, mette al servizio dell\u2019Autorit\u00e0 palestinese la riconosciuta esperienza italiana in questo campo.<\/p>\n<p>Nel corso dell\u2019Secondo JMC (Ramallah, 29 giugno 2015), il Ministero dei beni Culturali Italiano e il Ministero del Turismo e delle Antichit\u00e0 Palestinesi hanno firmato unMoU con cui l\u2019Italia si impegna a dare assistenza tecnica nel redazione della legislazione nel settore della protezione dei beni culturali<\/p>\n<p>Le iniziative italiane in ambito culturale vengono promosse dal Consolato Generale, anche nel quadro del programma di cooperazione decentrata PalestinianMunicipalitySupportProgramme \u2013 Ali della Colomba. Un ruolo importante e\u2019 rivestito anche dall\u2019Ufficio dell\u2019Agenzia diCooperazione allo Sviluppo Italiana di Gerusalemme(AICS).Le iniziative in ambito culturale si articolano su due principali filoni: la tutela del patrimonio e specifiche manifestazioni di promozione (dalle arti musicali e visive, fino alla promozione del Made in Italy).<\/p>\n<\/div>\n","protected":false},"excerpt":{"rendered":"La cooperazione culturale tra Italia e Palestina \u00e8 frutto di un reciproco e crescente interesse, nonche\u2019 riflesso di un senso di appartenenza che accomuna, pur nelle differenze, i popoli del bacino del Mediterraneo. La cultura italiana gode da parte del pubblico palestinese di una sempre maggiore attenzione, che si manifesta in una crescente partecipazione a [&hellip;]","protected":false},"author":1,"featured_media":0,"parent":15,"menu_order":2,"comment_status":"closed","ping_status":"closed","template":"","meta":{"footnotes":""},"class_list":["post-41","page","type-page","status-publish","hentry"],"_links":{"self":[{"href":"https:\/\/consgerusalemme.esteri.it\/it\/wp-json\/wp\/v2\/pages\/41","targetHints":{"allow":["GET"]}}],"collection":[{"href":"https:\/\/consgerusalemme.esteri.it\/it\/wp-json\/wp\/v2\/pages"}],"about":[{"href":"https:\/\/consgerusalemme.esteri.it\/it\/wp-json\/wp\/v2\/types\/page"}],"author":[{"embeddable":true,"href":"https:\/\/consgerusalemme.esteri.it\/it\/wp-json\/wp\/v2\/users\/1"}],"replies":[{"embeddable":true,"href":"https:\/\/consgerusalemme.esteri.it\/it\/wp-json\/wp\/v2\/comments?post=41"}],"version-history":[{"count":2,"href":"https:\/\/consgerusalemme.esteri.it\/it\/wp-json\/wp\/v2\/pages\/41\/revisions"}],"predecessor-version":[{"id":375,"href":"https:\/\/consgerusalemme.esteri.it\/it\/wp-json\/wp\/v2\/pages\/41\/revisions\/375"}],"up":[{"embeddable":true,"href":"https:\/\/consgerusalemme.esteri.it\/it\/wp-json\/wp\/v2\/pages\/15"}],"wp:attachment":[{"href":"https:\/\/consgerusalemme.esteri.it\/it\/wp-json\/wp\/v2\/media?parent=41"}],"curies":[{"name":"wp","href":"https:\/\/api.w.org\/{rel}","templated":true}]}}