{"id":40,"date":"2023-04-03T19:16:52","date_gmt":"2023-04-03T17:16:52","guid":{"rendered":"https:\/\/consolatozurigo.esteri.it\/?page_id=40"},"modified":"2025-02-24T12:48:17","modified_gmt":"2025-02-24T10:48:17","slug":"diplomazia-economica","status":"publish","type":"page","link":"https:\/\/consgerusalemme.esteri.it\/it\/italia-e-gerusalemme\/diplomazia-economica\/","title":{"rendered":"Diplomazia economica"},"content":{"rendered":"<p>Il Consolato Generale cura le relazioni che il Governo italiano intrattiene con l\u2019Autorit\u00e0 Palestinese e che si sostanziano in rapporti politici, economici, culturali, di cooperazione allo sviluppo e di dialogo tra realt\u00e0 locali e tra societ\u00e0 civili.<\/p>\n<p>La cooperazione economica bilaterale \u00e8 di competenza dell\u2019Ufficio commerciale del Consolato Generale.<\/p>\n<p>Per la promozione dei rapporti economici, l\u2019Ufficio commerciale si avvale della collaborazione dell\u2019Ufficio dell\u2019Agenzia ICE di Amman, competente anche per i Territori Palestinesi, e il Punto di Corrispondenza ICE di Ramallah.<\/p>\n<p><strong>Ufficio Commerciale<br \/>\n<\/strong>Indirizzo: Katamon \u2013 16, Kaf Tet Benovember St.<\/p>\n<p>Tel.: 02 5618966 (digitare interno 105)<\/p>\n<p>E-mail:\u00a0<a href=\"mailto:commerciale.gerusalemme@esteri.it\">commerciale.gerusalemme@esteri.it<\/a><\/p>\n<p>\u00c8 possibile richiedere assistenza a questo Ufficio anche attraverso la piattaforma <a href=\"https:\/\/nexus.esteri.it\/?sede=314\">NEXUS<\/a><\/p>\n<p><strong>Ufficio ICE Amman<\/strong> (competente anche per i Territori Palestinesi): <a href=\"mailto:amman@ice.it\">amman@ice.it<\/a><\/p>\n<p><strong>Punto di Corrispondenza ICE di Ramallah<\/strong>: <a href=\"https:\/\/www.ice.it\/it\/mercati\/cisgiordania-e-gaza\/punto-di-corrispondenza-di-ramallah\">Punto di Corrispondenza di Ramallah<\/a><\/p>\n<p>&nbsp;<\/p>\n","protected":false},"excerpt":{"rendered":"Il Consolato Generale cura le relazioni che il Governo italiano intrattiene con l\u2019Autorit\u00e0 Palestinese e che si sostanziano in rapporti politici, economici, culturali, di cooperazione allo sviluppo e di dialogo tra realt\u00e0 locali e tra societ\u00e0 civili. La cooperazione economica bilaterale \u00e8 di competenza dell\u2019Ufficio commerciale del Consolato Generale. Per la promozione dei rapporti economici, [&hellip;]","protected":false},"author":1,"featured_media":0,"parent":15,"menu_order":0,"comment_status":"closed","ping_status":"closed","template":"","meta":{"footnotes":""},"class_list":["post-40","page","type-page","status-publish","hentry"],"_links":{"self":[{"href":"https:\/\/consgerusalemme.esteri.it\/it\/wp-json\/wp\/v2\/pages\/40","targetHints":{"allow":["GET"]}}],"collection":[{"href":"https:\/\/consgerusalemme.esteri.it\/it\/wp-json\/wp\/v2\/pages"}],"about":[{"href":"https:\/\/consgerusalemme.esteri.it\/it\/wp-json\/wp\/v2\/types\/page"}],"author":[{"embeddable":true,"href":"https:\/\/consgerusalemme.esteri.it\/it\/wp-json\/wp\/v2\/users\/1"}],"replies":[{"embeddable":true,"href":"https:\/\/consgerusalemme.esteri.it\/it\/wp-json\/wp\/v2\/comments?post=40"}],"version-history":[{"count":6,"href":"https:\/\/consgerusalemme.esteri.it\/it\/wp-json\/wp\/v2\/pages\/40\/revisions"}],"predecessor-version":[{"id":3613,"href":"https:\/\/consgerusalemme.esteri.it\/it\/wp-json\/wp\/v2\/pages\/40\/revisions\/3613"}],"up":[{"embeddable":true,"href":"https:\/\/consgerusalemme.esteri.it\/it\/wp-json\/wp\/v2\/pages\/15"}],"wp:attachment":[{"href":"https:\/\/consgerusalemme.esteri.it\/it\/wp-json\/wp\/v2\/media?parent=40"}],"curies":[{"name":"wp","href":"https:\/\/api.w.org\/{rel}","templated":true}]}}