{"id":38,"date":"2023-04-03T19:16:15","date_gmt":"2023-04-03T17:16:15","guid":{"rendered":"https:\/\/consolatozurigo.esteri.it\/?page_id=38"},"modified":"2023-11-02T17:29:11","modified_gmt":"2023-11-02T15:29:11","slug":"numeri-di-emergenza","status":"publish","type":"page","link":"https:\/\/consgerusalemme.esteri.it\/it\/chi-siamo\/numeri-di-emergenza\/","title":{"rendered":"Numeri di emergenza"},"content":{"rendered":"<div>\n<p>Al di fuori dell&#8217;orario e dei giorni di apertura del Consolato Generale d&#8217;Italia e solo in caso di comprovata emergenza e minaccia all\u2019incolumit\u00e0 dei cittadini italiani \u00e8 possibile contattare il Numero di emergenza:<\/p>\n<p><strong>00972 (0) 505 327166<\/strong><\/p>\n<p>In caso di una crisi \u00e8 possibile contattare:<strong> l&#8217;Unita&#8217; di crisi del Ministero degli Affari Esteri +39 0636225.<\/strong><\/p>\n<div>\n<p>Al fine di aggiornare le nostre banche dati, i connazionali italiani che si recano a qualsiasi titolo a Gerusalemme o nei Territori dell&#8217;Autonomia Palestinese\u00a0 (sia iscritti all&#8217;AIRE\u00a0che in presenza tempooranea) sono invitati, nel loro interesse, a fornire i propri recapiti (e-mail, n. cellulare, indirizzo inclusivo della zona di residenza), e a comunicare tempestivamente eventuali variazioni al Consolato Generae d&#8217;Italia in Gerusalemme, inviando il modello &#8220;Segnalazione presenza temporanea a Gerusalemme o in Palestina&#8221; reperibile nella sezione <strong>modulistica<\/strong> trasmettendolo per e-mail ad entrambi i seguenti indirizzi di posta elettornica: <a href=\"mailto:consolare.gerusalemme@esteri.it\">consolare.gerusalemme@esteri.it<\/a>\u00a0 e <a href=\"mailto:presenze.gerusalemme@esteri.it\">presenze.gerusalemme@esteri.it<\/a> , allegando copia del passaporto italiano e del visto israeliano.<\/p>\n<p>Tutti i dati forniti al Consolato Generale d&#8217;Italia in Gerusalemme saranno trattati nel rispetto della normativa vigente.<\/p>\n<p>Si prega di prendere visione della normativa <a href=\"https:\/\/www.esteri.it\/it\/sportello_info\/informativa-sul-trattamento-dei-dati-personali\/\">Informativa sul Regolamento Generale sulla Protezione dei Dati <\/a>\/ RGPD (UE) 2016\/679.<\/p>\n<p>&#8211; <a href=\"https:\/\/consgerusalemme.esteri.it\/wp-content\/uploads\/2023\/11\/segnalazione_presenza_temporanea_geru__e_palestina_definitivo.pdf\">Modulo per segnalare la presenza temporanea a Gerusalemme o nei Territori Palestinesi<\/a><\/p>\n<\/div>\n<\/div>\n","protected":false},"excerpt":{"rendered":"Al di fuori dell&#8217;orario e dei giorni di apertura del Consolato Generale d&#8217;Italia e solo in caso di comprovata emergenza e minaccia all\u2019incolumit\u00e0 dei cittadini italiani \u00e8 possibile contattare il Numero di emergenza: 00972 (0) 505 327166 In caso di una crisi \u00e8 possibile contattare: l&#8217;Unita&#8217; di crisi del Ministero degli Affari Esteri +39 0636225. [&hellip;]","protected":false},"author":1,"featured_media":0,"parent":13,"menu_order":10,"comment_status":"closed","ping_status":"closed","template":"","meta":{"footnotes":""},"class_list":["post-38","page","type-page","status-publish","hentry"],"_links":{"self":[{"href":"https:\/\/consgerusalemme.esteri.it\/it\/wp-json\/wp\/v2\/pages\/38","targetHints":{"allow":["GET"]}}],"collection":[{"href":"https:\/\/consgerusalemme.esteri.it\/it\/wp-json\/wp\/v2\/pages"}],"about":[{"href":"https:\/\/consgerusalemme.esteri.it\/it\/wp-json\/wp\/v2\/types\/page"}],"author":[{"embeddable":true,"href":"https:\/\/consgerusalemme.esteri.it\/it\/wp-json\/wp\/v2\/users\/1"}],"replies":[{"embeddable":true,"href":"https:\/\/consgerusalemme.esteri.it\/it\/wp-json\/wp\/v2\/comments?post=38"}],"version-history":[{"count":4,"href":"https:\/\/consgerusalemme.esteri.it\/it\/wp-json\/wp\/v2\/pages\/38\/revisions"}],"predecessor-version":[{"id":908,"href":"https:\/\/consgerusalemme.esteri.it\/it\/wp-json\/wp\/v2\/pages\/38\/revisions\/908"}],"up":[{"embeddable":true,"href":"https:\/\/consgerusalemme.esteri.it\/it\/wp-json\/wp\/v2\/pages\/13"}],"wp:attachment":[{"href":"https:\/\/consgerusalemme.esteri.it\/it\/wp-json\/wp\/v2\/media?parent=38"}],"curies":[{"name":"wp","href":"https:\/\/api.w.org\/{rel}","templated":true}]}}