{"id":36,"date":"2023-04-03T19:15:47","date_gmt":"2023-04-03T17:15:47","guid":{"rendered":"https:\/\/consolatozurigo.esteri.it\/?page_id=36"},"modified":"2026-01-15T16:16:56","modified_gmt":"2026-01-15T14:16:56","slug":"gli-uffici","status":"publish","type":"page","link":"https:\/\/consgerusalemme.esteri.it\/it\/chi-siamo\/gli-uffici\/","title":{"rendered":"Gli Uffici"},"content":{"rendered":"<div class=\"entry-content\">\n<p><strong>Consolato Generale d\u2019Italia Sede Ovest<\/strong><\/p>\n<p><strong>Console Generale:<\/strong> Domenico Bellato<\/p>\n<p><strong>Console Aggiunto:<\/strong> Damiano La Verde<\/p>\n<p><strong>Console Aggiunto:<\/strong> Camilla Romeo<\/p>\n<p><strong>Console Aggiunto:<\/strong> Cristina Lipari<\/p>\n<p><strong>Segreteria:<br \/>\n<\/strong>Tel. 00972 2 5618966 \u2013 interno 100<strong><br \/>\n<a href=\"mailto:segreteria.gerusalemme@esteri.it\">segreteria.gerusalemme@esteri.it<\/a><br \/>\n<\/strong>Fax (02) 5618944<\/p>\n<p><strong>Ufficio Consolare:<\/strong><br \/>\n<strong>Addetto agli Affari Consolari:<\/strong> Alberto Invernizzi<br \/>\nKatamon \u2013 16, Kaf Tet Benovember St.<br \/>\nSi riceve su appuntamento, da richiedere inviando una email all\u2019indirizzo: consolare.gerusalemme@esteri.it<br \/>\nTel. (02) 5618966, <strong>interno 120<\/strong> (<strong>chiamare dal luned\u00ec al gioved\u00ec dalle ore 13:00 alle 14:00, il venerd\u00ec dalle ore 12.00 alle 13.00<\/strong>) solo per informazioni di natura consolare (stato civile, cittadinanza, passaporti, dichiarazioni di valore ecc.) <strong>NON PER VISTI<\/strong><br \/>\ne-mail: <a href=\"mailto:consolare.gerusalemme@esteri.it\">consolare.gerusalemme@esteri.it<\/a> \u00a0Fax (02) 5619190<\/p>\n<p><strong>Ufficio Visti:<\/strong> Roberta Corridore<br \/>\nKatamon \u2013 16, Kaf Tet Benovember St.<br \/>\nTel. (02) 5618966, <strong>interno 121<\/strong> (<strong>chiamare dal luned\u00ec al gioved\u00ec dalle ore 13:00 alle 14:00, il venerd\u00ec dalle ore 12.00 alle 13.00<\/strong>).<br \/>\ne-mail: <a href=\"mailto:visti.gerusalemme@esteri.it\">visti.gerusalemme@esteri.it<\/a> \u00a0Fax (02) 5619190<br \/>\nL\u2019Ufficio visti riceve solo su appuntamento. Per fissare un appuntamento: inviare e-mail all\u2019indirizzo <a href=\"mailto:visti.gerusalemme@esteri.it\">visti.gerusalemme@esteri.it<\/a> , specificando nell\u2019oggetto \u201crichiesta appuntamento\u201d e la data di prevista partenza.<\/p>\n<p><strong>Ufficio Commerciale:<\/strong><\/p>\n<p><strong>Addetto agli Affari Economico-Commerciali: <\/strong>Livia Olivi<strong><br \/>\ne-mail: <\/strong><a href=\"mailto:commerciale.gerusalemme@esteri.it\">commerciale.gerusalemme@esteri.it<\/a><\/p>\n<p>Tel\/Fax (02) 5619002<br \/>\nTel:(02) 5618966 digitare interno 105<\/p>\n<p><strong><a href=\"https:\/\/nexus.esteri.it\/?sede=314\">NEXUS<\/a><\/strong><\/p>\n<p><strong>Ufficio Amministrativo-Contabile:<\/strong><br \/>\nAddetto Amministrativo-Contabile: Mariaconcetta Giorgi<br \/>\ne-mail: <a href=\"mailto:contabilita.gerusalemme@esteri.it\">contabilita.gerusalemme@esteri.it<\/a><\/p>\n<p>L\u2019ICE \u2013 Agenzia per la promozione all\u2019estero e l\u2019internazionalizzazione delle imprese italiane<br \/>\n<strong>Punto di Corrispondenza per Cisgiordania e Gaza:<\/strong> Nader Akra<br \/>\nAl-Watanieh Towers Bldg., 5th floor, Al-Bireh<br \/>\nP.O. Box 883, Ramallah<br \/>\nTel: +972 2 2415610<br \/>\nFax: +972 2 2415611<br \/>\ne-mail: <a href=\"mailto:n.akra@ice.it\">n.akra@ice.it<\/a><\/p>\n<p><strong>Agenzia Italia per la Cooperazione allo Sviluppo (AICS) \u2013 Sede di Gerusalemme<\/strong><br \/>\n<strong>Direttore: <\/strong>dott. Mirko Tricoli<br \/>\nIndirizzo e-mail: gerusalemme@aics.gov.it<br \/>\nTel. (02) 5327447 Fax (02) 5322904<br \/>\n2 Mujeer Eddin St. Sheikh Jarrah, Jerusalem<\/p>\n<\/div>\n","protected":false},"excerpt":{"rendered":"Consolato Generale d\u2019Italia Sede Ovest Console Generale: Domenico Bellato Console Aggiunto: Damiano La Verde Console Aggiunto: Camilla Romeo Console Aggiunto: Cristina Lipari Segreteria: Tel. 00972 2 5618966 \u2013 interno 100 segreteria.gerusalemme@esteri.it Fax (02) 5618944 Ufficio Consolare: Addetto agli Affari Consolari: Alberto Invernizzi Katamon \u2013 16, Kaf Tet Benovember St. Si riceve su appuntamento, da richiedere [&hellip;]","protected":false},"author":1,"featured_media":0,"parent":13,"menu_order":6,"comment_status":"closed","ping_status":"closed","template":"","meta":{"footnotes":""},"class_list":["post-36","page","type-page","status-publish","hentry"],"_links":{"self":[{"href":"https:\/\/consgerusalemme.esteri.it\/it\/wp-json\/wp\/v2\/pages\/36","targetHints":{"allow":["GET"]}}],"collection":[{"href":"https:\/\/consgerusalemme.esteri.it\/it\/wp-json\/wp\/v2\/pages"}],"about":[{"href":"https:\/\/consgerusalemme.esteri.it\/it\/wp-json\/wp\/v2\/types\/page"}],"author":[{"embeddable":true,"href":"https:\/\/consgerusalemme.esteri.it\/it\/wp-json\/wp\/v2\/users\/1"}],"replies":[{"embeddable":true,"href":"https:\/\/consgerusalemme.esteri.it\/it\/wp-json\/wp\/v2\/comments?post=36"}],"version-history":[{"count":6,"href":"https:\/\/consgerusalemme.esteri.it\/it\/wp-json\/wp\/v2\/pages\/36\/revisions"}],"predecessor-version":[{"id":4164,"href":"https:\/\/consgerusalemme.esteri.it\/it\/wp-json\/wp\/v2\/pages\/36\/revisions\/4164"}],"up":[{"embeddable":true,"href":"https:\/\/consgerusalemme.esteri.it\/it\/wp-json\/wp\/v2\/pages\/13"}],"wp:attachment":[{"href":"https:\/\/consgerusalemme.esteri.it\/it\/wp-json\/wp\/v2\/media?parent=36"}],"curies":[{"name":"wp","href":"https:\/\/api.w.org\/{rel}","templated":true}]}}