{"id":2804,"date":"2024-02-20T09:36:42","date_gmt":"2024-02-20T07:36:42","guid":{"rendered":"https:\/\/consgerusalemme.esteri.it\/?page_id=2804"},"modified":"2024-02-20T09:36:42","modified_gmt":"2024-02-20T07:36:42","slug":"nascita","status":"publish","type":"page","link":"https:\/\/consgerusalemme.esteri.it\/it\/servizi-consolari-e-visti\/servizi-per-il-cittadino-italiano\/stato-civile\/nascita\/","title":{"rendered":"Nascita"},"content":{"rendered":"<p>I figli di cittadini italiani, anche se nati all&#8217;estero e in possesso di un&#8217;altra cittadinanza, sono cittadini italiani.<br \/>\nLa loro nascita deve quindi essere trascritta in Italia.<br \/>\nPer richiedere la trascrizione di una nascita, il genitore italiano deve contattare il Consolato Generale d&#8217;Italia in Gerusalemme, munito dei seguenti documenti:<\/p>\n<p><strong>a)<\/strong> certificato di nascita (in copia originale o autentica certificata) rilasciato dall&#8217;Ufficio di stato civile del paese straniero, debitamente legalizzato e tradotto (vedere la sezione <a href=\"https:\/\/consgerusalemme.esteri.it\/it\/servizi-consolari-e-visti\/servizi-per-il-cittadino-italiano\/traduzione-e-legalizzazione-dei-documenti\/\">Traduzione e legalizzazione dei documenti<\/a>);<\/p>\n<p><strong>b)<\/strong> passaporto italiano attestante la cittadinanza italiana di almeno uno dei genitori (se non iscritto nel registro consolare)<br \/>\n<strong>c)<\/strong> Documento d&#8217;identit\u00e0 del bambino, se presente, ad es. passaporto israeliano o carta d&#8217;identit\u00e0 o passaporto palestinese o carta d&#8217;identit\u00e0.<br \/>\n<strong>d)<\/strong> Modulo per richiedere la registrazione della nascita, disponibile <a href=\"https:\/\/consgerusalemme.esteri.it\/wp-content\/uploads\/2023\/09\/trascrizione_atto_nascita_bilingue_dic.2020_privacy.pdf\"><strong>qui<\/strong><\/a><\/p>\n<p><strong>I certificati originali non verranno restituiti.<\/strong><\/p>\n<p>In alternativa, il genitore italiano pu\u00f2 presentare l&#8217;atto, debitamente legalizzato e tradotto, direttamente al Comune italiano di appartenenza (vedi art. 12, comma 11, DPR 396\/2000).<\/p>\n<p>Per informazioni pi\u00f9 dettagliate sulla traduzione e la legalizzazione di documenti israeliani e palestinesi, fare clic <strong><a href=\"https:\/\/consgerusalemme.esteri.it\/it\/servizi-consolari-e-visti\/servizi-per-il-cittadino-italiano\/traduzione-e-legalizzazione-dei-documenti\/\">qui.<\/a><\/strong><\/p>\n<p>Si prega di prendere visione della normativa Informativa sul <a href=\"https:\/\/consgerusalemme.esteri.it\/consolato_gerusalemme\/it\/in_linea_con_utente\/albo_consolare\/albo-consolare.html\">Regolamento Generale sulla Protezione dei Dati <\/a>\/ RGPD (UE) 2016\/679<\/p>\n","protected":false},"excerpt":{"rendered":"I figli di cittadini italiani, anche se nati all&#8217;estero e in possesso di un&#8217;altra cittadinanza, sono cittadini italiani. La loro nascita deve quindi essere trascritta in Italia. Per richiedere la trascrizione di una nascita, il genitore italiano deve contattare il Consolato Generale d&#8217;Italia in Gerusalemme, munito dei seguenti documenti: a) certificato di nascita (in copia [&hellip;]","protected":false},"author":5,"featured_media":0,"parent":86,"menu_order":0,"comment_status":"closed","ping_status":"closed","template":"","meta":{"footnotes":""},"class_list":["post-2804","page","type-page","status-publish","hentry"],"_links":{"self":[{"href":"https:\/\/consgerusalemme.esteri.it\/it\/wp-json\/wp\/v2\/pages\/2804","targetHints":{"allow":["GET"]}}],"collection":[{"href":"https:\/\/consgerusalemme.esteri.it\/it\/wp-json\/wp\/v2\/pages"}],"about":[{"href":"https:\/\/consgerusalemme.esteri.it\/it\/wp-json\/wp\/v2\/types\/page"}],"author":[{"embeddable":true,"href":"https:\/\/consgerusalemme.esteri.it\/it\/wp-json\/wp\/v2\/users\/5"}],"replies":[{"embeddable":true,"href":"https:\/\/consgerusalemme.esteri.it\/it\/wp-json\/wp\/v2\/comments?post=2804"}],"version-history":[{"count":1,"href":"https:\/\/consgerusalemme.esteri.it\/it\/wp-json\/wp\/v2\/pages\/2804\/revisions"}],"predecessor-version":[{"id":2808,"href":"https:\/\/consgerusalemme.esteri.it\/it\/wp-json\/wp\/v2\/pages\/2804\/revisions\/2808"}],"up":[{"embeddable":true,"href":"https:\/\/consgerusalemme.esteri.it\/it\/wp-json\/wp\/v2\/pages\/86"}],"wp:attachment":[{"href":"https:\/\/consgerusalemme.esteri.it\/it\/wp-json\/wp\/v2\/media?parent=2804"}],"curies":[{"name":"wp","href":"https:\/\/api.w.org\/{rel}","templated":true}]}}