{"id":2254,"date":"2023-11-29T19:43:19","date_gmt":"2023-11-29T17:43:19","guid":{"rendered":"https:\/\/consgerusalemme.esteri.it\/?page_id=2254"},"modified":"2026-01-15T16:13:01","modified_gmt":"2026-01-15T14:13:01","slug":"festivita-osservate-dal-consolato-generale-in-gerusalemme","status":"publish","type":"page","link":"https:\/\/consgerusalemme.esteri.it\/it\/chi-siamo\/gli-uffici\/festivita-osservate-dal-consolato-generale-in-gerusalemme\/","title":{"rendered":"Festivit\u00e0 osservate dal Consolato Generale in Gerusalemme"},"content":{"rendered":"<p>Festivit\u00e0 per l&#8217;anno 2026<\/p>\n<table style=\"height: 684px;\" width=\"885\">\n<tbody>\n<tr>\n<td>l . Capodanno<\/td>\n<td>1 gennaio<\/td>\n<td>Gioved\u00ec<\/td>\n<\/tr>\n<tr>\n<td>2. Aid Al Fiter<\/td>\n<td>20 marzo<\/td>\n<td>Venerd\u00ec<\/td>\n<\/tr>\n<tr>\n<td>3. Pasqua Ebraica<\/td>\n<td>02 aprile<\/td>\n<td>Gioved\u00ec<\/td>\n<\/tr>\n<tr>\n<td>4. Luned\u00ec dell&#8217;Angelo<\/td>\n<td>06 aprile<\/td>\n<td>Luned\u00ec<\/td>\n<\/tr>\n<tr>\n<td>5. Festa della Liberazione<\/td>\n<td>25 aprile<\/td>\n<td>Sabato<\/td>\n<\/tr>\n<tr>\n<td>6. Festa del Lavoro<\/td>\n<td>1 maggio<\/td>\n<td>Venerd\u00ec<\/td>\n<\/tr>\n<tr>\n<td>7. Aid Al Adha<\/td>\n<td>27 maggio<\/td>\n<td>Mercoled\u00ec<\/td>\n<\/tr>\n<tr>\n<td>8. Festa della Repubblica<\/td>\n<td>02 giugno<\/td>\n<td>Marted\u00ec<\/td>\n<\/tr>\n<tr>\n<td>9. Yom Kippur<\/td>\n<td>21 settembre<\/td>\n<td>Luned\u00ec<\/td>\n<\/tr>\n<tr>\n<td>10. Natale<\/td>\n<td>25 dicembre<\/td>\n<td>Venerd\u00ec<\/td>\n<\/tr>\n<tr>\n<td>11. Santo Stefano<\/td>\n<td>26 dicembre<\/td>\n<td>Sabato<\/td>\n<\/tr>\n<\/tbody>\n<\/table>\n","protected":false},"excerpt":{"rendered":"Festivit\u00e0 per l&#8217;anno 2026 l . Capodanno 1 gennaio Gioved\u00ec 2. Aid Al Fiter 20 marzo Venerd\u00ec 3. Pasqua Ebraica 02 aprile Gioved\u00ec 4. Luned\u00ec dell&#8217;Angelo 06 aprile Luned\u00ec 5. Festa della Liberazione 25 aprile Sabato 6. Festa del Lavoro 1 maggio Venerd\u00ec 7. Aid Al Adha 27 maggio Mercoled\u00ec 8. Festa della Repubblica 02 [&hellip;]","protected":false},"author":3,"featured_media":0,"parent":36,"menu_order":1,"comment_status":"closed","ping_status":"closed","template":"","meta":{"footnotes":""},"class_list":["post-2254","page","type-page","status-publish","hentry"],"_links":{"self":[{"href":"https:\/\/consgerusalemme.esteri.it\/it\/wp-json\/wp\/v2\/pages\/2254","targetHints":{"allow":["GET"]}}],"collection":[{"href":"https:\/\/consgerusalemme.esteri.it\/it\/wp-json\/wp\/v2\/pages"}],"about":[{"href":"https:\/\/consgerusalemme.esteri.it\/it\/wp-json\/wp\/v2\/types\/page"}],"author":[{"embeddable":true,"href":"https:\/\/consgerusalemme.esteri.it\/it\/wp-json\/wp\/v2\/users\/3"}],"replies":[{"embeddable":true,"href":"https:\/\/consgerusalemme.esteri.it\/it\/wp-json\/wp\/v2\/comments?post=2254"}],"version-history":[{"count":8,"href":"https:\/\/consgerusalemme.esteri.it\/it\/wp-json\/wp\/v2\/pages\/2254\/revisions"}],"predecessor-version":[{"id":4161,"href":"https:\/\/consgerusalemme.esteri.it\/it\/wp-json\/wp\/v2\/pages\/2254\/revisions\/4161"}],"up":[{"embeddable":true,"href":"https:\/\/consgerusalemme.esteri.it\/it\/wp-json\/wp\/v2\/pages\/36"}],"wp:attachment":[{"href":"https:\/\/consgerusalemme.esteri.it\/it\/wp-json\/wp\/v2\/media?parent=2254"}],"curies":[{"name":"wp","href":"https:\/\/api.w.org\/{rel}","templated":true}]}}