{"id":15,"date":"2023-04-03T18:23:50","date_gmt":"2023-04-03T16:23:50","guid":{"rendered":"https:\/\/consolatozurigo.esteri.it\/?page_id=15"},"modified":"2023-10-06T14:40:31","modified_gmt":"2023-10-06T11:40:31","slug":"italia-e-gerusalemme","status":"publish","type":"page","link":"https:\/\/consgerusalemme.esteri.it\/it\/italia-e-gerusalemme\/","title":{"rendered":"Italia e Gerusalemme"},"content":{"rendered":"<div>\n<h4>Storia<\/h4>\n<div><\/div>\n<div><span style=\"font-size: medium;\">Nel primo dopoguerra, l\u2019avvio delle attivit\u00e0 del Consolato Generale a Gerusalemme sancisce l\u2019impegno italiano nella regione, nel quadro del mandato britannico, in linea di continuit\u00e0 con la storica presenza italiana in Terra Santa. <\/span><span style=\"font-size: medium;\">\u00c8 in quest\u2019ottica, peraltro, che l\u2019Italia (assieme a Francia, Spagna e Belgio &#8211; i c.d. Consolati latini) continua a esercitare ancora oggi un ruolo storico a tutela dei luoghi santi cattolici.\u00a0\u00a0\u00a0\u00a0\u00a0\u00a0\u00a0\u00a0\u00a0\u00a0\u00a0\u00a0\u00a0\u00a0\u00a0\u00a0\u00a0\u00a0\u00a0\u00a0\u00a0\u00a0\u00a0\u00a0\u00a0 <\/span><\/div>\n<div><span style=\"font-size: medium;\">Dal 1948, dopo la fondazione dello Stato di Israele e a conclusione del primo conflitto arabo-israeliano, il Consolato Generale a Gerusalemme resta nella citt\u00e0, allora divisa tra israeliani e giordani, anche come espressione del \u201ccorpus separatum\u201d. Con tale espressione ci si riferisce all\u2019orientamento consolidato della Comunit\u00e0 internazionale secondo il quale Gerusalemme resta un territorio sottratto alla sovranit\u00e0 delle Parti del conflitto, fino ad una regolamentazione consensuale del suo status, nel pi\u00f9 ampio quadro dei negoziati di pace.\u00a0\u00a0 <\/span><\/div>\n<div><\/div>\n<div><span style=\"font-size: medium;\">In particolare, a partire dagli Accordi di Oslo dei primi anni &#8217;90, per convenzione consolidata il Consolato svolge anche una funzione di rappresentanza di fatto presso l&#8217;Autorit\u00e0 Palestinese. In questa veste, il Consolato Generale a Gerusalemme ha promosso e valorizzato la presenza italiana nei Territori Palestinesi e la collaborazione con gli organi rappresentativi del popolo palestinese.<\/span><span style=\"color: black; font-size: medium;\"><br \/>\n<\/span><\/div>\n<\/div>\n<p>&nbsp;<\/p>\n<div>\n<hr \/>\n<h5><\/h5>\n<h4>Missione<\/h4>\n<p>Il Consolato Generale cura le relazioni che il Governo italiano intrattiene con le autorit\u00e0 palestinesi e che si sostanziano in rapporti politici, economici, culturali, di cooperazione allo sviluppo e di dialogo tra realt\u00e0 locali e tra societ\u00e0 civili.<\/p>\n<p>Il Consolato Generale assicura inoltre assistenza agli italiani a Gerusalemme, in Cisgiordania e nella Striscia di Gaza: dalla comunita\u2019 israelitica italiana di Gerusalemme, ai connazionali impegnati in attivita\u2019 di cooperazione internazionale; dai numerosi religiosi di nazionalit\u00e0 italiana qui presenti, al personale italiano che opera presso missioni internazionali, oltre che a tutti i connazionali che si trovino a risiedere o anche solo di passaggio.<\/p>\n<p>Gli uffici sono dislocati in due sedi, situate rispettivamente a Gerusalemme ovest e a Gerusalemme est, dove si trova anche l\u2019Ufficio dell\u2019AICS (Agenzia Italiana per la Cooperazione allo Sviluppo).<\/p>\n<\/div>\n","protected":false},"excerpt":{"rendered":"Storia Nel primo dopoguerra, l\u2019avvio delle attivit\u00e0 del Consolato Generale a Gerusalemme sancisce l\u2019impegno italiano nella regione, nel quadro del mandato britannico, in linea di continuit\u00e0 con la storica presenza italiana in Terra Santa. \u00c8 in quest\u2019ottica, peraltro, che l\u2019Italia (assieme a Francia, Spagna e Belgio &#8211; i c.d. Consolati latini) continua a esercitare ancora [&hellip;]","protected":false},"author":1,"featured_media":0,"parent":0,"menu_order":4,"comment_status":"closed","ping_status":"closed","template":"","meta":{"footnotes":""},"class_list":["post-15","page","type-page","status-publish","hentry"],"_links":{"self":[{"href":"https:\/\/consgerusalemme.esteri.it\/it\/wp-json\/wp\/v2\/pages\/15","targetHints":{"allow":["GET"]}}],"collection":[{"href":"https:\/\/consgerusalemme.esteri.it\/it\/wp-json\/wp\/v2\/pages"}],"about":[{"href":"https:\/\/consgerusalemme.esteri.it\/it\/wp-json\/wp\/v2\/types\/page"}],"author":[{"embeddable":true,"href":"https:\/\/consgerusalemme.esteri.it\/it\/wp-json\/wp\/v2\/users\/1"}],"replies":[{"embeddable":true,"href":"https:\/\/consgerusalemme.esteri.it\/it\/wp-json\/wp\/v2\/comments?post=15"}],"version-history":[{"count":17,"href":"https:\/\/consgerusalemme.esteri.it\/it\/wp-json\/wp\/v2\/pages\/15\/revisions"}],"predecessor-version":[{"id":871,"href":"https:\/\/consgerusalemme.esteri.it\/it\/wp-json\/wp\/v2\/pages\/15\/revisions\/871"}],"wp:attachment":[{"href":"https:\/\/consgerusalemme.esteri.it\/it\/wp-json\/wp\/v2\/media?parent=15"}],"curies":[{"name":"wp","href":"https:\/\/api.w.org\/{rel}","templated":true}]}}